{"id":1289,"date":"2022-06-18T14:45:39","date_gmt":"2022-06-18T12:45:39","guid":{"rendered":"http:\/\/stadiumcaen.fr\/?page_id=1289"},"modified":"2026-03-16T10:58:11","modified_gmt":"2026-03-16T09:58:11","slug":"enfants","status":"publish","type":"page","link":"https:\/\/stadiumcaen.fr\/en\/enfants\/","title":{"rendered":"Children"},"content":{"rendered":"<h1>Les enfants aussi peuvent venir au Stadium !<\/h1>\n<p>\t\t\t\t\t\t\t\t\t\t\t\t\t\t\t<img decoding=\"async\" width=\"1024\" height=\"576\" src=\"https:\/\/stadiumcaen.fr\/wp-content\/uploads\/2024\/04\/IMG_6401-1024x576.jpg\" alt=\"\" loading=\"lazy\" srcset=\"https:\/\/stadiumcaen.fr\/wp-content\/uploads\/2024\/04\/IMG_6401-1024x576.jpg 1024w, https:\/\/stadiumcaen.fr\/wp-content\/uploads\/2024\/04\/IMG_6401-300x169.jpg 300w, https:\/\/stadiumcaen.fr\/wp-content\/uploads\/2024\/04\/IMG_6401-768x432.jpg 768w, https:\/\/stadiumcaen.fr\/wp-content\/uploads\/2024\/04\/IMG_6401-1536x864.jpg 1536w, https:\/\/stadiumcaen.fr\/wp-content\/uploads\/2024\/04\/IMG_6401-2048x1152.jpg 2048w\" sizes=\"auto, (max-width: 1024px) 100vw, 1024px\" \/>\t\t\t\t\t\t\t\t\t\t\t\t\t\t\t<\/p>\n<h2>Le complexe Stadium propose des offres pour les enfants<\/h2>\n<p>Les enfants ont toujours besoin de se d\u00e9penser. Ils ont la possibilit\u00e9 de participer \u00e0 des tournois en fonction de leurs \u00e2ges, de f\u00eater leurs anniversaires.<\/p>\n<p>\t\t\t<a href=\"https:\/\/stadium.doinsport.club\/home\" role=\"button\"><br \/>\n\t\t\t\t<svg xmlns=\"http:\/\/www.w3.org\/2000\/svg\" viewbox=\"0 0 2048 2048\"><path d=\"M6.125 1088h1797.89l-402.976 403 89.994 90L2048 1024l-556.966-557-89.994 90 402.976 403H6.125v128z\"><\/path><\/svg><br \/>\n\t\t\t\t\t\tBook<br \/>\n\t\t\t\t\t<\/a><\/p>","protected":false},"excerpt":{"rendered":"<p>Les enfants aussi peuvent venir au Stadium ! Le complexe Stadium propose des offres pour les enfants Les enfants ont toujours besoin de se d\u00e9penser. Ils ont la possibilit\u00e9 de participer \u00e0 des tournois en fonction de leurs \u00e2ges, de f\u00eater leurs anniversaires. R\u00e9server<\/p>","protected":false},"author":1,"featured_media":0,"parent":0,"menu_order":0,"comment_status":"closed","ping_status":"closed","template":"","meta":{"site-sidebar-layout":"no-sidebar","site-content-layout":"page-builder","ast-global-header-display":"","ast-main-header-display":"","ast-hfb-above-header-display":"","ast-hfb-below-header-display":"","ast-hfb-mobile-header-display":"","site-post-title":"disabled","ast-breadcrumbs-content":"","ast-featured-img":"disabled","footer-sml-layout":"","theme-transparent-header-meta":"","adv-header-id-meta":"","stick-header-meta":"","header-above-stick-meta":"","header-main-stick-meta":"","header-below-stick-meta":"","footnotes":""},"class_list":["post-1289","page","type-page","status-publish","hentry"],"yoast_head":"<!-- This site is optimized with the Yoast SEO plugin v27.4 - https:\/\/yoast.com\/product\/yoast-seo-wordpress\/ -->\n<title>Enfants - Stadium Caen<\/title>\n<meta name=\"description\" content=\"Stadium est accessible m\u00eame pour les enfants ! D\u00e9couvrez nos activit\u00e9s telles que les stages de perfectionnements ou tournois.\" \/>\n<meta name=\"robots\" content=\"index, follow, max-snippet:-1, max-image-preview:large, max-video-preview:-1\" \/>\n<link rel=\"canonical\" href=\"https:\/\/stadiumcaen.fr\/en\/enfants\/\" \/>\n<meta property=\"og:locale\" content=\"en_US\" \/>\n<meta property=\"og:type\" content=\"article\" \/>\n<meta property=\"og:title\" content=\"Enfants - Stadium Caen\" \/>\n<meta property=\"og:description\" content=\"Stadium est accessible m\u00eame pour les enfants ! D\u00e9couvrez nos activit\u00e9s telles que les stages de perfectionnements ou tournois.\" \/>\n<meta property=\"og:url\" content=\"https:\/\/stadiumcaen.fr\/en\/enfants\/\" \/>\n<meta property=\"og:site_name\" content=\"Stadium Caen\" \/>\n<meta property=\"article:modified_time\" content=\"2026-03-16T09:58:11+00:00\" \/>\n<meta property=\"og:image\" content=\"https:\/\/stadiumcaen.fr\/wp-content\/uploads\/2024\/04\/IMG_6401-1024x576.jpg\" \/>\n<meta name=\"twitter:card\" content=\"summary_large_image\" \/>\n<meta name=\"twitter:label1\" content=\"Est. reading time\" \/>\n\t<meta name=\"twitter:data1\" content=\"1 minute\" \/>\n<script type=\"application\/ld+json\" class=\"yoast-schema-graph\">{\"@context\":\"https:\\\/\\\/schema.org\",\"@graph\":[{\"@type\":\"WebPage\",\"@id\":\"https:\\\/\\\/stadiumcaen.fr\\\/enfants\\\/\",\"url\":\"https:\\\/\\\/stadiumcaen.fr\\\/enfants\\\/\",\"name\":\"Enfants - Stadium Caen\",\"isPartOf\":{\"@id\":\"https:\\\/\\\/stadiumcaen.fr\\\/#website\"},\"primaryImageOfPage\":{\"@id\":\"https:\\\/\\\/stadiumcaen.fr\\\/enfants\\\/#primaryimage\"},\"image\":{\"@id\":\"https:\\\/\\\/stadiumcaen.fr\\\/enfants\\\/#primaryimage\"},\"thumbnailUrl\":\"https:\\\/\\\/stadiumcaen.fr\\\/wp-content\\\/uploads\\\/2024\\\/04\\\/IMG_6401-1024x576.jpg\",\"datePublished\":\"2022-06-18T12:45:39+00:00\",\"dateModified\":\"2026-03-16T09:58:11+00:00\",\"description\":\"Stadium est accessible m\u00eame pour les enfants ! D\u00e9couvrez nos activit\u00e9s telles que les stages de perfectionnements ou tournois.\",\"breadcrumb\":{\"@id\":\"https:\\\/\\\/stadiumcaen.fr\\\/enfants\\\/#breadcrumb\"},\"inLanguage\":\"en-US\",\"potentialAction\":[{\"@type\":\"ReadAction\",\"target\":[\"https:\\\/\\\/stadiumcaen.fr\\\/enfants\\\/\"]}]},{\"@type\":\"ImageObject\",\"inLanguage\":\"en-US\",\"@id\":\"https:\\\/\\\/stadiumcaen.fr\\\/enfants\\\/#primaryimage\",\"url\":\"https:\\\/\\\/stadiumcaen.fr\\\/wp-content\\\/uploads\\\/2024\\\/04\\\/IMG_6401-1024x576.jpg\",\"contentUrl\":\"https:\\\/\\\/stadiumcaen.fr\\\/wp-content\\\/uploads\\\/2024\\\/04\\\/IMG_6401-1024x576.jpg\"},{\"@type\":\"BreadcrumbList\",\"@id\":\"https:\\\/\\\/stadiumcaen.fr\\\/enfants\\\/#breadcrumb\",\"itemListElement\":[{\"@type\":\"ListItem\",\"position\":1,\"name\":\"Accueil\",\"item\":\"https:\\\/\\\/stadiumcaen.fr\\\/\"},{\"@type\":\"ListItem\",\"position\":2,\"name\":\"Enfants\"}]},{\"@type\":\"WebSite\",\"@id\":\"https:\\\/\\\/stadiumcaen.fr\\\/#website\",\"url\":\"https:\\\/\\\/stadiumcaen.fr\\\/\",\"name\":\"Stadium Caen\",\"description\":\"Le complexe sportif accessible \u00e0 tous\",\"publisher\":{\"@id\":\"https:\\\/\\\/stadiumcaen.fr\\\/#organization\"},\"potentialAction\":[{\"@type\":\"SearchAction\",\"target\":{\"@type\":\"EntryPoint\",\"urlTemplate\":\"https:\\\/\\\/stadiumcaen.fr\\\/?s={search_term_string}\"},\"query-input\":{\"@type\":\"PropertyValueSpecification\",\"valueRequired\":true,\"valueName\":\"search_term_string\"}}],\"inLanguage\":\"en-US\"},{\"@type\":\"Organization\",\"@id\":\"https:\\\/\\\/stadiumcaen.fr\\\/#organization\",\"name\":\"Stadium\",\"url\":\"https:\\\/\\\/stadiumcaen.fr\\\/\",\"logo\":{\"@type\":\"ImageObject\",\"inLanguage\":\"en-US\",\"@id\":\"https:\\\/\\\/stadiumcaen.fr\\\/#\\\/schema\\\/logo\\\/image\\\/\",\"url\":\"http:\\\/\\\/stadiumcaen.fr\\\/wp-content\\\/uploads\\\/2022\\\/04\\\/logo_stadium.png\",\"contentUrl\":\"http:\\\/\\\/stadiumcaen.fr\\\/wp-content\\\/uploads\\\/2022\\\/04\\\/logo_stadium.png\",\"width\":1935,\"height\":1133,\"caption\":\"Stadium\"},\"image\":{\"@id\":\"https:\\\/\\\/stadiumcaen.fr\\\/#\\\/schema\\\/logo\\\/image\\\/\"}}]}<\/script>\n<!-- \/ Yoast SEO plugin. -->","yoast_head_json":{"title":"Enfants - Stadium Caen","description":"Stadium est accessible m\u00eame pour les enfants ! D\u00e9couvrez nos activit\u00e9s telles que les stages de perfectionnements ou tournois.","robots":{"index":"index","follow":"follow","max-snippet":"max-snippet:-1","max-image-preview":"max-image-preview:large","max-video-preview":"max-video-preview:-1"},"canonical":"https:\/\/stadiumcaen.fr\/en\/enfants\/","og_locale":"en_US","og_type":"article","og_title":"Enfants - Stadium Caen","og_description":"Stadium est accessible m\u00eame pour les enfants ! D\u00e9couvrez nos activit\u00e9s telles que les stages de perfectionnements ou tournois.","og_url":"https:\/\/stadiumcaen.fr\/en\/enfants\/","og_site_name":"Stadium Caen","article_modified_time":"2026-03-16T09:58:11+00:00","og_image":[{"url":"https:\/\/stadiumcaen.fr\/wp-content\/uploads\/2024\/04\/IMG_6401-1024x576.jpg","type":"","width":"","height":""}],"twitter_card":"summary_large_image","twitter_misc":{"Est. reading time":"1 minute"},"schema":{"@context":"https:\/\/schema.org","@graph":[{"@type":"WebPage","@id":"https:\/\/stadiumcaen.fr\/enfants\/","url":"https:\/\/stadiumcaen.fr\/enfants\/","name":"Enfants - Stadium Caen","isPartOf":{"@id":"https:\/\/stadiumcaen.fr\/#website"},"primaryImageOfPage":{"@id":"https:\/\/stadiumcaen.fr\/enfants\/#primaryimage"},"image":{"@id":"https:\/\/stadiumcaen.fr\/enfants\/#primaryimage"},"thumbnailUrl":"https:\/\/stadiumcaen.fr\/wp-content\/uploads\/2024\/04\/IMG_6401-1024x576.jpg","datePublished":"2022-06-18T12:45:39+00:00","dateModified":"2026-03-16T09:58:11+00:00","description":"Stadium est accessible m\u00eame pour les enfants ! D\u00e9couvrez nos activit\u00e9s telles que les stages de perfectionnements ou tournois.","breadcrumb":{"@id":"https:\/\/stadiumcaen.fr\/enfants\/#breadcrumb"},"inLanguage":"en-US","potentialAction":[{"@type":"ReadAction","target":["https:\/\/stadiumcaen.fr\/enfants\/"]}]},{"@type":"ImageObject","inLanguage":"en-US","@id":"https:\/\/stadiumcaen.fr\/enfants\/#primaryimage","url":"https:\/\/stadiumcaen.fr\/wp-content\/uploads\/2024\/04\/IMG_6401-1024x576.jpg","contentUrl":"https:\/\/stadiumcaen.fr\/wp-content\/uploads\/2024\/04\/IMG_6401-1024x576.jpg"},{"@type":"BreadcrumbList","@id":"https:\/\/stadiumcaen.fr\/enfants\/#breadcrumb","itemListElement":[{"@type":"ListItem","position":1,"name":"Accueil","item":"https:\/\/stadiumcaen.fr\/"},{"@type":"ListItem","position":2,"name":"Enfants"}]},{"@type":"WebSite","@id":"https:\/\/stadiumcaen.fr\/#website","url":"https:\/\/stadiumcaen.fr\/","name":"Caen Stadium","description":"The sports complex accessible to all","publisher":{"@id":"https:\/\/stadiumcaen.fr\/#organization"},"potentialAction":[{"@type":"SearchAction","target":{"@type":"EntryPoint","urlTemplate":"https:\/\/stadiumcaen.fr\/?s={search_term_string}"},"query-input":{"@type":"PropertyValueSpecification","valueRequired":true,"valueName":"search_term_string"}}],"inLanguage":"en-US"},{"@type":"Organization","@id":"https:\/\/stadiumcaen.fr\/#organization","name":"Stadium","url":"https:\/\/stadiumcaen.fr\/","logo":{"@type":"ImageObject","inLanguage":"en-US","@id":"https:\/\/stadiumcaen.fr\/#\/schema\/logo\/image\/","url":"http:\/\/stadiumcaen.fr\/wp-content\/uploads\/2022\/04\/logo_stadium.png","contentUrl":"http:\/\/stadiumcaen.fr\/wp-content\/uploads\/2022\/04\/logo_stadium.png","width":1935,"height":1133,"caption":"Stadium"},"image":{"@id":"https:\/\/stadiumcaen.fr\/#\/schema\/logo\/image\/"}}]}},"_links":{"self":[{"href":"https:\/\/stadiumcaen.fr\/en\/wp-json\/wp\/v2\/pages\/1289","targetHints":{"allow":["GET"]}}],"collection":[{"href":"https:\/\/stadiumcaen.fr\/en\/wp-json\/wp\/v2\/pages"}],"about":[{"href":"https:\/\/stadiumcaen.fr\/en\/wp-json\/wp\/v2\/types\/page"}],"author":[{"embeddable":true,"href":"https:\/\/stadiumcaen.fr\/en\/wp-json\/wp\/v2\/users\/1"}],"replies":[{"embeddable":true,"href":"https:\/\/stadiumcaen.fr\/en\/wp-json\/wp\/v2\/comments?post=1289"}],"version-history":[{"count":0,"href":"https:\/\/stadiumcaen.fr\/en\/wp-json\/wp\/v2\/pages\/1289\/revisions"}],"wp:attachment":[{"href":"https:\/\/stadiumcaen.fr\/en\/wp-json\/wp\/v2\/media?parent=1289"}],"curies":[{"name":"wp","href":"https:\/\/api.w.org\/{rel}","templated":true}]}}