{"id":2102,"date":"2022-06-30T16:02:26","date_gmt":"2022-06-30T14:02:26","guid":{"rendered":"https:\/\/stadiumcaen.fr\/?page_id=2102"},"modified":"2024-02-19T15:09:04","modified_gmt":"2024-02-19T14:09:04","slug":"cgv","status":"publish","type":"page","link":"https:\/\/stadiumcaen.fr\/en\/cgv\/","title":{"rendered":"GTC"},"content":{"rendered":"<div data-elementor-type=\"wp-page\" data-elementor-id=\"2102\" class=\"elementor elementor-2102\">\n\t\t\t\t\t\t\t\t\t<section class=\"elementor-section elementor-top-section elementor-element elementor-element-2e258acc elementor-section-boxed elementor-section-height-default elementor-section-height-default\" data-id=\"2e258acc\" data-element_type=\"section\">\n\t\t\t\t\t\t<div class=\"elementor-container elementor-column-gap-default\">\n\t\t\t\t\t<div class=\"elementor-column elementor-col-100 elementor-top-column elementor-element elementor-element-3acefd0b\" data-id=\"3acefd0b\" data-element_type=\"column\">\n\t\t\t<div class=\"elementor-widget-wrap elementor-element-populated\">\n\t\t\t\t\t\t\t\t<div class=\"elementor-element elementor-element-3543a765 elementor-widget elementor-widget-spacer\" data-id=\"3543a765\" data-element_type=\"widget\" data-widget_type=\"spacer.default\">\n\t\t\t\t<div class=\"elementor-widget-container\">\n\t\t\t<style>\/*! elementor - v3.6.7 - 03-07-2022 *\/\n.e-container.e-container--row .elementor-spacer-inner{width:var(--spacer-size)}.e-container.e-container--column .elementor-spacer-inner,.elementor-column .elementor-spacer-inner{height:var(--spacer-size)}<\/style>\t\t<div class=\"elementor-spacer\">\n\t\t\t<div class=\"elementor-spacer-inner\"><\/div>\n\t\t<\/div>\n\t\t\t\t<\/div>\n\t\t\t\t<\/div>\n\t\t\t\t\t<\/div>\n\t\t<\/div>\n\t\t\t\t\t\t\t<\/div>\n\t\t<\/section>\n\t\t\t\t<section class=\"elementor-section elementor-top-section elementor-element elementor-element-2d54aae0 elementor-section-boxed elementor-section-height-default elementor-section-height-default\" data-id=\"2d54aae0\" data-element_type=\"section\">\n\t\t\t\t\t\t<div class=\"elementor-container elementor-column-gap-default\">\n\t\t\t\t\t<div class=\"elementor-column elementor-col-100 elementor-top-column elementor-element elementor-element-268dbc52\" data-id=\"268dbc52\" data-element_type=\"column\">\n\t\t\t<div class=\"elementor-widget-wrap elementor-element-populated\">\n\t\t\t\t\t\t\t\t<div class=\"elementor-element elementor-element-1914e38b elementor-widget elementor-widget-heading\" data-id=\"1914e38b\" data-element_type=\"widget\" data-widget_type=\"heading.default\">\n\t\t\t\t<div class=\"elementor-widget-container\">\n\t\t\t<style>\/*! elementor - v3.6.7 - 03-07-2022 *\/\n.elementor-heading-title{padding:0;margin:0;line-height:1}.elementor-widget-heading .elementor-heading-title[class*=elementor-size-]>a{color:inherit;font-size:inherit;line-height:inherit}.elementor-widget-heading .elementor-heading-title.elementor-size-small{font-size:15px}.elementor-widget-heading .elementor-heading-title.elementor-size-medium{font-size:19px}.elementor-widget-heading .elementor-heading-title.elementor-size-large{font-size:29px}.elementor-widget-heading .elementor-heading-title.elementor-size-xl{font-size:39px}.elementor-widget-heading .elementor-heading-title.elementor-size-xxl{font-size:59px}<\/style><h1 class=\"elementor-heading-title elementor-size-default\">CGV - Conditions g\u00e9n\u00e9rales de vente<\/h1>\t\t<\/div>\n\t\t\t\t<\/div>\n\t\t\t\t\t<\/div>\n\t\t<\/div>\n\t\t\t\t\t\t\t<\/div>\n\t\t<\/section>\n\t\t\t\t<section class=\"elementor-section elementor-top-section elementor-element elementor-element-247edb96 elementor-section-boxed elementor-section-height-default elementor-section-height-default\" data-id=\"247edb96\" data-element_type=\"section\">\n\t\t\t\t\t\t<div class=\"elementor-container elementor-column-gap-no\">\n\t\t\t\t\t<div class=\"elementor-column elementor-col-100 elementor-top-column elementor-element elementor-element-114e0a04\" data-id=\"114e0a04\" data-element_type=\"column\">\n\t\t\t<div class=\"elementor-widget-wrap\">\n\t\t\t\t\t\t\t\t\t<\/div>\n\t\t<\/div>\n\t\t\t\t\t\t\t<\/div>\n\t\t<\/section>\n\t\t\t\t<section class=\"elementor-section elementor-top-section elementor-element elementor-element-c1f995e elementor-section-boxed elementor-section-height-default elementor-section-height-default\" data-id=\"c1f995e\" data-element_type=\"section\">\n\t\t\t\t\t\t<div class=\"elementor-container elementor-column-gap-default\">\n\t\t\t\t\t<div class=\"elementor-column elementor-col-100 elementor-top-column elementor-element elementor-element-5176785c\" data-id=\"5176785c\" data-element_type=\"column\">\n\t\t\t<div class=\"elementor-widget-wrap elementor-element-populated\">\n\t\t\t\t\t\t\t\t<div class=\"elementor-element elementor-element-75fda97b elementor-widget elementor-widget-text-editor\" data-id=\"75fda97b\" data-element_type=\"widget\" data-widget_type=\"text-editor.default\">\n\t\t\t\t<div class=\"elementor-widget-container\">\n\t\t\t<style>\/*! elementor - v3.6.7 - 03-07-2022 *\/\n.elementor-widget-text-editor.elementor-drop-cap-view-stacked .elementor-drop-cap{background-color:#818a91;color:#fff}.elementor-widget-text-editor.elementor-drop-cap-view-framed .elementor-drop-cap{color:#818a91;border:3px solid;background-color:transparent}.elementor-widget-text-editor:not(.elementor-drop-cap-view-default) .elementor-drop-cap{margin-top:8px}.elementor-widget-text-editor:not(.elementor-drop-cap-view-default) .elementor-drop-cap-letter{width:1em;height:1em}.elementor-widget-text-editor .elementor-drop-cap{float:left;text-align:center;line-height:1;font-size:50px}.elementor-widget-text-editor .elementor-drop-cap-letter{display:inline-block}<\/style>\t\t\t\t<p><b style=\"font-style: inherit; color: var(--ast-global-color-2);\">1. A propos de nous<\/b><br><\/p>\n<p>La Soci\u00e9te SAS Stadium, dont le si\u00e8ge social est \u00e0 Chavenay (78450) 8 all\u00e9e des bougainvilliers, immatricul\u00e9e au registre du commerce et des soci\u00e9t\u00e9s de Versailles sous le num\u00e9ro 898&nbsp;840&nbsp;996 est repr\u00e9sent\u00e9e par Monsieur Mathieu Paumard<\/p>\n<p><b>2. Champ d&rsquo;application<\/b><\/p>\n<p>Les pr\u00e9sentes conditions g\u00e9n\u00e9rales de vente (ci-apr\u00e8s \u00ab\u00a0CGV\u00a0\u00bb) r\u00e9gissent toutes les transactions commerciales effectu\u00e9es sur le site web (ci-apr\u00e8s \u00ab\u00a0le Site\u00a0\u00bb) entre le client et le prestataire de service.<\/p>\n<p><b>3. R\u00e9servation de terrains<\/b><\/p>\n<p>Le client peut r\u00e9server des terrains de sport disponibles via le site ou l\u2019application en s\u00e9lectionnant la date, l&rsquo;heure et le type de terrain souhait\u00e9s, sous r\u00e9serve de disponibilit\u00e9. La r\u00e9servation est confirm\u00e9e apr\u00e8s paiement de l&rsquo;acompte.<\/p>\n<p><b>4. Paiement<\/b><\/p>\n<p>Le paiement de l&rsquo;acompte de la r\u00e9servation s&rsquo;effectue en ligne, par carte bancaire ou via le wallet. Le montant total de la r\u00e9servation est indiqu\u00e9 lors du processus de r\u00e9servation sur le site.<\/p>\n<p><b>5. Annulation et remboursement<\/b><\/p>\n<p>Le client peut annuler sa r\u00e9servation selon les conditions sp\u00e9cifi\u00e9es lors de la r\u00e9servation sur le site. En cas d&rsquo;annulation dans le d\u00e9lai pr\u00e9vu, le client peut \u00eatre \u00e9ligible \u00e0 un remboursement total, selon les conditions de remboursement du prestataire de service.<\/p>\n<p><b>6. Responsabilit\u00e9<\/b><\/p>\n<p>Le prestataire de service d\u00e9cline toute responsabilit\u00e9 en cas de dommages mat\u00e9riels ou corporels survenus lors de l&rsquo;utilisation des terrains de sport r\u00e9serv\u00e9s, sauf en cas de faute prouv\u00e9e de sa part.<\/p>\n<p><b>7. Modification des r\u00e9servations<\/b><\/p>\n<p>Le client peut modifier sa r\u00e9servation (date, heure, etc.) selon les conditions sp\u00e9cifi\u00e9es sur le site. Les modifications sont soumises \u00e0 disponibilit\u00e9 et peuvent entra\u00eener des frais suppl\u00e9mentaires.<\/p>\n<p><b>8. Protection des donn\u00e9es personnelles<\/b><\/p>\n<p>Le prestataire de service s&rsquo;engage \u00e0 prot\u00e9ger la vie priv\u00e9e de ses clients et \u00e0 utiliser leurs donn\u00e9es personnelles uniquement dans le cadre de l&rsquo;ex\u00e9cution des r\u00e9servations et de l&rsquo;am\u00e9lioration de ses services, conform\u00e9ment \u00e0 sa politique de confidentialit\u00e9.<\/p>\n<p><b>9. Litiges<\/b><\/p>\n<p>En cas de litige, les parties s&rsquo;engagent \u00e0 rechercher une solution amiable. \u00c0 d\u00e9faut, les tribunaux comp\u00e9tents seront ceux du lieu du si\u00e8ge social du prestataire de service.<\/p>\n<p><b>10. Modification des CGV<\/b><\/p>\n<p>Le prestataire de service se r\u00e9serve le droit de modifier les pr\u00e9sentes CGV \u00e0 tout moment. Les nouvelles conditions g\u00e9n\u00e9rales de vente seront applicables aux r\u00e9servations effectu\u00e9es post\u00e9rieurement \u00e0 leur publication sur le site.<\/p>\t\t\t\t\t\t<\/div>\n\t\t\t\t<\/div>\n\t\t\t\t\t<\/div>\n\t\t<\/div>\n\t\t\t\t\t\t\t<\/div>\n\t\t<\/section>\n\t\t\t\t\t\t\t<\/div>","protected":false},"excerpt":{"rendered":"<p>CGV &#8211; Conditions g\u00e9n\u00e9rales de vente 1. A propos de nous La Soci\u00e9te SAS Stadium, dont le si\u00e8ge social est \u00e0 Chavenay (78450) 8 all\u00e9e des bougainvilliers, immatricul\u00e9e au registre du commerce et des soci\u00e9t\u00e9s de Versailles sous le num\u00e9ro 898&nbsp;840&nbsp;996 est repr\u00e9sent\u00e9e par Monsieur Mathieu Paumard 2. Champ d&rsquo;application Les pr\u00e9sentes conditions g\u00e9n\u00e9rales de &hellip;<\/p>\n<p class=\"read-more\"> <a class=\"\" href=\"https:\/\/stadiumcaen.fr\/en\/cgv\/\"> <span class=\"screen-reader-text\">GTC<\/span> Read More \"<\/a><\/p>","protected":false},"author":1,"featured_media":0,"parent":0,"menu_order":0,"comment_status":"closed","ping_status":"closed","template":"","meta":{"site-sidebar-layout":"no-sidebar","site-content-layout":"page-builder","ast-global-header-display":"","ast-main-header-display":"","ast-hfb-above-header-display":"","ast-hfb-below-header-display":"","ast-hfb-mobile-header-display":"","site-post-title":"disabled","ast-breadcrumbs-content":"","ast-featured-img":"disabled","footer-sml-layout":"","theme-transparent-header-meta":"","adv-header-id-meta":"","stick-header-meta":"","header-above-stick-meta":"","header-main-stick-meta":"","header-below-stick-meta":"","footnotes":""},"class_list":["post-2102","page","type-page","status-publish","hentry"],"yoast_head":"<!-- This site is optimized with the Yoast SEO plugin v27.4 - https:\/\/yoast.com\/product\/yoast-seo-wordpress\/ -->\n<title>CGV - Stadium Caen<\/title>\n<meta name=\"description\" content=\"Retrouvez ici les conditions g\u00e9n\u00e9rales de vente CGV de Stadium Caen. ... La soci\u00e9t\u00e9 Stadium Caen, est une soci\u00e9t\u00e9 ...\" \/>\n<meta name=\"robots\" content=\"index, follow, max-snippet:-1, max-image-preview:large, max-video-preview:-1\" \/>\n<link rel=\"canonical\" href=\"https:\/\/stadiumcaen.fr\/en\/cgv\/\" \/>\n<meta property=\"og:locale\" content=\"en_US\" \/>\n<meta property=\"og:type\" content=\"article\" \/>\n<meta property=\"og:title\" content=\"CGV - Stadium Caen\" \/>\n<meta property=\"og:description\" content=\"Retrouvez ici les conditions g\u00e9n\u00e9rales de vente CGV de Stadium Caen. ... La soci\u00e9t\u00e9 Stadium Caen, est une soci\u00e9t\u00e9 ...\" \/>\n<meta property=\"og:url\" content=\"https:\/\/stadiumcaen.fr\/en\/cgv\/\" \/>\n<meta property=\"og:site_name\" content=\"Stadium Caen\" \/>\n<meta property=\"article:modified_time\" content=\"2024-02-19T14:09:04+00:00\" \/>\n<meta name=\"twitter:card\" content=\"summary_large_image\" \/>\n<meta name=\"twitter:label1\" content=\"Est. reading time\" \/>\n\t<meta name=\"twitter:data1\" content=\"2 minutes\" \/>\n<script type=\"application\/ld+json\" class=\"yoast-schema-graph\">{\"@context\":\"https:\\\/\\\/schema.org\",\"@graph\":[{\"@type\":\"WebPage\",\"@id\":\"https:\\\/\\\/stadiumcaen.fr\\\/cgv\\\/\",\"url\":\"https:\\\/\\\/stadiumcaen.fr\\\/cgv\\\/\",\"name\":\"CGV - Stadium Caen\",\"isPartOf\":{\"@id\":\"https:\\\/\\\/stadiumcaen.fr\\\/#website\"},\"datePublished\":\"2022-06-30T14:02:26+00:00\",\"dateModified\":\"2024-02-19T14:09:04+00:00\",\"description\":\"Retrouvez ici les conditions g\u00e9n\u00e9rales de vente CGV de Stadium Caen. ... La soci\u00e9t\u00e9 Stadium Caen, est une soci\u00e9t\u00e9 ...\",\"breadcrumb\":{\"@id\":\"https:\\\/\\\/stadiumcaen.fr\\\/cgv\\\/#breadcrumb\"},\"inLanguage\":\"en-US\",\"potentialAction\":[{\"@type\":\"ReadAction\",\"target\":[\"https:\\\/\\\/stadiumcaen.fr\\\/cgv\\\/\"]}]},{\"@type\":\"BreadcrumbList\",\"@id\":\"https:\\\/\\\/stadiumcaen.fr\\\/cgv\\\/#breadcrumb\",\"itemListElement\":[{\"@type\":\"ListItem\",\"position\":1,\"name\":\"Accueil\",\"item\":\"https:\\\/\\\/stadiumcaen.fr\\\/\"},{\"@type\":\"ListItem\",\"position\":2,\"name\":\"CGV\"}]},{\"@type\":\"WebSite\",\"@id\":\"https:\\\/\\\/stadiumcaen.fr\\\/#website\",\"url\":\"https:\\\/\\\/stadiumcaen.fr\\\/\",\"name\":\"Stadium Caen\",\"description\":\"Le complexe sportif accessible \u00e0 tous\",\"publisher\":{\"@id\":\"https:\\\/\\\/stadiumcaen.fr\\\/#organization\"},\"potentialAction\":[{\"@type\":\"SearchAction\",\"target\":{\"@type\":\"EntryPoint\",\"urlTemplate\":\"https:\\\/\\\/stadiumcaen.fr\\\/?s={search_term_string}\"},\"query-input\":{\"@type\":\"PropertyValueSpecification\",\"valueRequired\":true,\"valueName\":\"search_term_string\"}}],\"inLanguage\":\"en-US\"},{\"@type\":\"Organization\",\"@id\":\"https:\\\/\\\/stadiumcaen.fr\\\/#organization\",\"name\":\"Stadium\",\"url\":\"https:\\\/\\\/stadiumcaen.fr\\\/\",\"logo\":{\"@type\":\"ImageObject\",\"inLanguage\":\"en-US\",\"@id\":\"https:\\\/\\\/stadiumcaen.fr\\\/#\\\/schema\\\/logo\\\/image\\\/\",\"url\":\"http:\\\/\\\/stadiumcaen.fr\\\/wp-content\\\/uploads\\\/2022\\\/04\\\/logo_stadium.png\",\"contentUrl\":\"http:\\\/\\\/stadiumcaen.fr\\\/wp-content\\\/uploads\\\/2022\\\/04\\\/logo_stadium.png\",\"width\":1935,\"height\":1133,\"caption\":\"Stadium\"},\"image\":{\"@id\":\"https:\\\/\\\/stadiumcaen.fr\\\/#\\\/schema\\\/logo\\\/image\\\/\"}}]}<\/script>\n<!-- \/ Yoast SEO plugin. -->","yoast_head_json":{"title":"CGV - Stadium Caen","description":"Retrouvez ici les conditions g\u00e9n\u00e9rales de vente CGV de Stadium Caen. ... La soci\u00e9t\u00e9 Stadium Caen, est une soci\u00e9t\u00e9 ...","robots":{"index":"index","follow":"follow","max-snippet":"max-snippet:-1","max-image-preview":"max-image-preview:large","max-video-preview":"max-video-preview:-1"},"canonical":"https:\/\/stadiumcaen.fr\/en\/cgv\/","og_locale":"en_US","og_type":"article","og_title":"CGV - Stadium Caen","og_description":"Retrouvez ici les conditions g\u00e9n\u00e9rales de vente CGV de Stadium Caen. ... La soci\u00e9t\u00e9 Stadium Caen, est une soci\u00e9t\u00e9 ...","og_url":"https:\/\/stadiumcaen.fr\/en\/cgv\/","og_site_name":"Stadium Caen","article_modified_time":"2024-02-19T14:09:04+00:00","twitter_card":"summary_large_image","twitter_misc":{"Est. reading time":"2 minutes"},"schema":{"@context":"https:\/\/schema.org","@graph":[{"@type":"WebPage","@id":"https:\/\/stadiumcaen.fr\/cgv\/","url":"https:\/\/stadiumcaen.fr\/cgv\/","name":"CGV - Stadium Caen","isPartOf":{"@id":"https:\/\/stadiumcaen.fr\/#website"},"datePublished":"2022-06-30T14:02:26+00:00","dateModified":"2024-02-19T14:09:04+00:00","description":"Retrouvez ici les conditions g\u00e9n\u00e9rales de vente CGV de Stadium Caen. ... La soci\u00e9t\u00e9 Stadium Caen, est une soci\u00e9t\u00e9 ...","breadcrumb":{"@id":"https:\/\/stadiumcaen.fr\/cgv\/#breadcrumb"},"inLanguage":"en-US","potentialAction":[{"@type":"ReadAction","target":["https:\/\/stadiumcaen.fr\/cgv\/"]}]},{"@type":"BreadcrumbList","@id":"https:\/\/stadiumcaen.fr\/cgv\/#breadcrumb","itemListElement":[{"@type":"ListItem","position":1,"name":"Accueil","item":"https:\/\/stadiumcaen.fr\/"},{"@type":"ListItem","position":2,"name":"CGV"}]},{"@type":"WebSite","@id":"https:\/\/stadiumcaen.fr\/#website","url":"https:\/\/stadiumcaen.fr\/","name":"Caen Stadium","description":"The sports complex accessible to all","publisher":{"@id":"https:\/\/stadiumcaen.fr\/#organization"},"potentialAction":[{"@type":"SearchAction","target":{"@type":"EntryPoint","urlTemplate":"https:\/\/stadiumcaen.fr\/?s={search_term_string}"},"query-input":{"@type":"PropertyValueSpecification","valueRequired":true,"valueName":"search_term_string"}}],"inLanguage":"en-US"},{"@type":"Organization","@id":"https:\/\/stadiumcaen.fr\/#organization","name":"Stadium","url":"https:\/\/stadiumcaen.fr\/","logo":{"@type":"ImageObject","inLanguage":"en-US","@id":"https:\/\/stadiumcaen.fr\/#\/schema\/logo\/image\/","url":"http:\/\/stadiumcaen.fr\/wp-content\/uploads\/2022\/04\/logo_stadium.png","contentUrl":"http:\/\/stadiumcaen.fr\/wp-content\/uploads\/2022\/04\/logo_stadium.png","width":1935,"height":1133,"caption":"Stadium"},"image":{"@id":"https:\/\/stadiumcaen.fr\/#\/schema\/logo\/image\/"}}]}},"_links":{"self":[{"href":"https:\/\/stadiumcaen.fr\/en\/wp-json\/wp\/v2\/pages\/2102","targetHints":{"allow":["GET"]}}],"collection":[{"href":"https:\/\/stadiumcaen.fr\/en\/wp-json\/wp\/v2\/pages"}],"about":[{"href":"https:\/\/stadiumcaen.fr\/en\/wp-json\/wp\/v2\/types\/page"}],"author":[{"embeddable":true,"href":"https:\/\/stadiumcaen.fr\/en\/wp-json\/wp\/v2\/users\/1"}],"replies":[{"embeddable":true,"href":"https:\/\/stadiumcaen.fr\/en\/wp-json\/wp\/v2\/comments?post=2102"}],"version-history":[{"count":0,"href":"https:\/\/stadiumcaen.fr\/en\/wp-json\/wp\/v2\/pages\/2102\/revisions"}],"wp:attachment":[{"href":"https:\/\/stadiumcaen.fr\/en\/wp-json\/wp\/v2\/media?parent=2102"}],"curies":[{"name":"wp","href":"https:\/\/api.w.org\/{rel}","templated":true}]}}