{"id":2120,"date":"2022-06-30T16:30:16","date_gmt":"2022-06-30T14:30:16","guid":{"rendered":"https:\/\/stadiumcaen.fr\/?page_id=2120"},"modified":"2024-02-14T10:58:53","modified_gmt":"2024-02-14T09:58:53","slug":"mentions-legales","status":"publish","type":"page","link":"https:\/\/stadiumcaen.fr\/en\/mentions-legales\/","title":{"rendered":"Terms of use"},"content":{"rendered":"<div data-elementor-type=\"wp-page\" data-elementor-id=\"2120\" class=\"elementor elementor-2120\">\n\t\t\t\t\t\t\t\t\t<section class=\"elementor-section elementor-top-section elementor-element elementor-element-6d9a73a0 elementor-section-boxed elementor-section-height-default elementor-section-height-default\" data-id=\"6d9a73a0\" data-element_type=\"section\">\n\t\t\t\t\t\t<div class=\"elementor-container elementor-column-gap-default\">\n\t\t\t\t\t<div class=\"elementor-column elementor-col-100 elementor-top-column elementor-element elementor-element-6589b036\" data-id=\"6589b036\" data-element_type=\"column\">\n\t\t\t<div class=\"elementor-widget-wrap elementor-element-populated\">\n\t\t\t\t\t\t\t\t<div class=\"elementor-element elementor-element-40d831fa elementor-widget elementor-widget-spacer\" data-id=\"40d831fa\" data-element_type=\"widget\" data-widget_type=\"spacer.default\">\n\t\t\t\t<div class=\"elementor-widget-container\">\n\t\t\t<style>\/*! elementor - v3.6.7 - 03-07-2022 *\/\n.e-container.e-container--row .elementor-spacer-inner{width:var(--spacer-size)}.e-container.e-container--column .elementor-spacer-inner,.elementor-column .elementor-spacer-inner{height:var(--spacer-size)}<\/style>\t\t<div class=\"elementor-spacer\">\n\t\t\t<div class=\"elementor-spacer-inner\"><\/div>\n\t\t<\/div>\n\t\t\t\t<\/div>\n\t\t\t\t<\/div>\n\t\t\t\t\t<\/div>\n\t\t<\/div>\n\t\t\t\t\t\t\t<\/div>\n\t\t<\/section>\n\t\t\t\t<section class=\"elementor-section elementor-top-section elementor-element elementor-element-24282c06 elementor-section-boxed elementor-section-height-default elementor-section-height-default\" data-id=\"24282c06\" data-element_type=\"section\">\n\t\t\t\t\t\t<div class=\"elementor-container elementor-column-gap-default\">\n\t\t\t\t\t<div class=\"elementor-column elementor-col-100 elementor-top-column elementor-element elementor-element-5182a02a\" data-id=\"5182a02a\" data-element_type=\"column\">\n\t\t\t<div class=\"elementor-widget-wrap elementor-element-populated\">\n\t\t\t\t\t\t\t\t<div class=\"elementor-element elementor-element-48d25888 elementor-widget elementor-widget-heading\" data-id=\"48d25888\" data-element_type=\"widget\" data-widget_type=\"heading.default\">\n\t\t\t\t<div class=\"elementor-widget-container\">\n\t\t\t<style>\/*! elementor - v3.6.7 - 03-07-2022 *\/\n.elementor-heading-title{padding:0;margin:0;line-height:1}.elementor-widget-heading .elementor-heading-title[class*=elementor-size-]>a{color:inherit;font-size:inherit;line-height:inherit}.elementor-widget-heading .elementor-heading-title.elementor-size-small{font-size:15px}.elementor-widget-heading .elementor-heading-title.elementor-size-medium{font-size:19px}.elementor-widget-heading .elementor-heading-title.elementor-size-large{font-size:29px}.elementor-widget-heading .elementor-heading-title.elementor-size-xl{font-size:39px}.elementor-widget-heading .elementor-heading-title.elementor-size-xxl{font-size:59px}<\/style><h1 class=\"elementor-heading-title elementor-size-default\">Terms of use<\/h1>\t\t<\/div>\n\t\t\t\t<\/div>\n\t\t\t\t\t<\/div>\n\t\t<\/div>\n\t\t\t\t\t\t\t<\/div>\n\t\t<\/section>\n\t\t\t\t<section class=\"elementor-section elementor-top-section elementor-element elementor-element-6a1cc879 elementor-section-boxed elementor-section-height-default elementor-section-height-default\" data-id=\"6a1cc879\" data-element_type=\"section\">\n\t\t\t\t\t\t<div class=\"elementor-container elementor-column-gap-no\">\n\t\t\t\t\t<div class=\"elementor-column elementor-col-100 elementor-top-column elementor-element elementor-element-732f13c5\" data-id=\"732f13c5\" data-element_type=\"column\">\n\t\t\t<div class=\"elementor-widget-wrap\">\n\t\t\t\t\t\t\t\t\t<\/div>\n\t\t<\/div>\n\t\t\t\t\t\t\t<\/div>\n\t\t<\/section>\n\t\t\t\t<section class=\"elementor-section elementor-top-section elementor-element elementor-element-70a0369 elementor-section-boxed elementor-section-height-default elementor-section-height-default\" data-id=\"70a0369\" data-element_type=\"section\">\n\t\t\t\t\t\t<div class=\"elementor-container elementor-column-gap-default\">\n\t\t\t\t\t<div class=\"elementor-column elementor-col-100 elementor-top-column elementor-element elementor-element-f392494\" data-id=\"f392494\" data-element_type=\"column\">\n\t\t\t<div class=\"elementor-widget-wrap elementor-element-populated\">\n\t\t\t\t\t\t\t\t<div class=\"elementor-element elementor-element-4885713 elementor-widget elementor-widget-text-editor\" data-id=\"4885713\" data-element_type=\"widget\" data-widget_type=\"text-editor.default\">\n\t\t\t\t<div class=\"elementor-widget-container\">\n\t\t\t<style>\/*! elementor - v3.6.7 - 03-07-2022 *\/\n.elementor-widget-text-editor.elementor-drop-cap-view-stacked .elementor-drop-cap{background-color:#818a91;color:#fff}.elementor-widget-text-editor.elementor-drop-cap-view-framed .elementor-drop-cap{color:#818a91;border:3px solid;background-color:transparent}.elementor-widget-text-editor:not(.elementor-drop-cap-view-default) .elementor-drop-cap{margin-top:8px}.elementor-widget-text-editor:not(.elementor-drop-cap-view-default) .elementor-drop-cap-letter{width:1em;height:1em}.elementor-widget-text-editor .elementor-drop-cap{float:left;text-align:center;line-height:1;font-size:50px}.elementor-widget-text-editor .elementor-drop-cap-letter{display:inline-block}<\/style>\t\t\t\t<p><span style=\"font-weight: 400;\">Conform\u00e9ment aux dispositions de la loi n\u00b0 2004-575 du 21 juin 2004 pour la confiance en l&rsquo;\u00e9conomie num\u00e9rique, il est pr\u00e9cis\u00e9 aux utilisateurs du site Stadium Caen l&rsquo;identit\u00e9 des diff\u00e9rents intervenants dans le cadre de sa r\u00e9alisation et de son suivi.<\/span><\/p>\n<p><b>\u00c9diteur du site :<\/b><\/p>\n<p>SAS Stadium Si\u00e8ge social : 8 all\u00e9e des bougainvilliers, 78450 Chavenay<span class=\"Apple-converted-space\">&nbsp; <\/span><\/p>\n<p>T\u00e9l\u00e9phone : 0231820200<\/p>\n<p>Email : contact@stadiumcaen.fr<\/p>\n<p>Soci\u00e9t\u00e9 par Actions Simplifi\u00e9e au capital de 3 858 000.00 euros enregistr\u00e9e au RCS de Versailles sous le num\u00e9ro 898840996<span class=\"Apple-converted-space\">&nbsp;<\/span><\/p>\n<p>TVA intracommunautaire : <b>FR18898840996<\/b><\/p>\n<p><b>Directeur de la publication :<\/b><\/p>\n<p>Mathieu PAUMARD<\/p>\n<p><b>H\u00e9bergeur du site :<\/b><\/p>\n<p>OVH SAS Adresse si\u00e8ge social : 2 rue Kellermann &#8211; 59100 Roubaix-France<span class=\"Apple-converted-space\">&nbsp;<\/span><\/p>\n<p><b>Propri\u00e9t\u00e9 intellectuelle :<\/b><\/p>\n<p>Le contenu du site web (textes, images, vid\u00e9os, etc.) est prot\u00e9g\u00e9 par le droit de la propri\u00e9t\u00e9 intellectuelle et est la propri\u00e9t\u00e9 exclusive de SAS Stadium ou de ses partenaires. Toute reproduction, repr\u00e9sentation, modification, publication, transmission ou exploitation totale ou partielle du contenu du site, par quelque proc\u00e9d\u00e9 que ce soit, est strictement interdite sans autorisation pr\u00e9alable \u00e9crite de SAS Stadium.<\/p>\n<p><b>Donn\u00e9es personnelles :<\/b><\/p>\n<p>Les donn\u00e9es personnelles collect\u00e9es sur ce site sont destin\u00e9es \u00e0 l&rsquo;usage exclusif de SAS Stadium et ne seront en aucun cas transmises \u00e0 des tiers. Conform\u00e9ment \u00e0 la loi \u00ab\u00a0Informatique et Libert\u00e9s\u00a0\u00bb du 6 janvier 1978 modifi\u00e9e, vous disposez d&rsquo;un droit d&rsquo;acc\u00e8s, de rectification et de suppression des donn\u00e9es vous concernant. Pour exercer ce droit, veuillez contacter SAS Stadium \u00e0 l&rsquo;adresse : contact@stadiumcaen.fr<\/p>\n<p><b>Cookies :<\/b><\/p>\n<p>Ce site utilise des cookies pour am\u00e9liorer votre exp\u00e9rience utilisateur. En naviguant sur ce site, vous consentez \u00e0 l&rsquo;utilisation de cookies conform\u00e9ment \u00e0 notre politique en mati\u00e8re de cookies.<\/p>\n<p><b>Responsabilit\u00e9 :<\/b><\/p>\n<p>SAS Stadium s&rsquo;efforce de fournir des informations exactes et \u00e0 jour sur son site web, mais ne peut garantir l&rsquo;exactitude, l&rsquo;exhaustivit\u00e9 ou l&rsquo;actualit\u00e9 de ces informations. En cons\u00e9quence, SAS Stadium d\u00e9cline toute responsabilit\u00e9 pour toute impr\u00e9cision, inexactitude ou omission concernant les informations disponibles sur son site.<\/p>\n<p><b>Loi applicable et juridiction comp\u00e9tente :<\/b><\/p>\n<p>Les pr\u00e9sentes mentions l\u00e9gales sont r\u00e9gies par le droit fran\u00e7ais. En cas de litige, les tribunaux fran\u00e7ais seront seuls comp\u00e9tents.<\/p>\t\t\t\t\t\t<\/div>\n\t\t\t\t<\/div>\n\t\t\t\t\t<\/div>\n\t\t<\/div>\n\t\t\t\t\t\t\t<\/div>\n\t\t<\/section>\n\t\t\t\t\t\t\t<\/div>","protected":false},"excerpt":{"rendered":"<p>Mentions l\u00e9gales Conform\u00e9ment aux dispositions de la loi n\u00b0 2004-575 du 21 juin 2004 pour la confiance en l&rsquo;\u00e9conomie num\u00e9rique, il est pr\u00e9cis\u00e9 aux utilisateurs du site Stadium Caen l&rsquo;identit\u00e9 des diff\u00e9rents intervenants dans le cadre de sa r\u00e9alisation et de son suivi. \u00c9diteur du site : SAS Stadium Si\u00e8ge social : 8 all\u00e9e des &hellip;<\/p>\n<p class=\"read-more\"> <a class=\"\" href=\"https:\/\/stadiumcaen.fr\/en\/mentions-legales\/\"> <span class=\"screen-reader-text\">Terms of use<\/span> Read More \"<\/a><\/p>","protected":false},"author":1,"featured_media":0,"parent":0,"menu_order":0,"comment_status":"closed","ping_status":"closed","template":"","meta":{"site-sidebar-layout":"no-sidebar","site-content-layout":"page-builder","ast-global-header-display":"","ast-main-header-display":"","ast-hfb-above-header-display":"","ast-hfb-below-header-display":"","ast-hfb-mobile-header-display":"","site-post-title":"disabled","ast-breadcrumbs-content":"","ast-featured-img":"disabled","footer-sml-layout":"","theme-transparent-header-meta":"","adv-header-id-meta":"","stick-header-meta":"","header-above-stick-meta":"","header-main-stick-meta":"","header-below-stick-meta":"","footnotes":""},"class_list":["post-2120","page","type-page","status-publish","hentry"],"yoast_head":"<!-- This site is optimized with the Yoast SEO plugin v27.4 - https:\/\/yoast.com\/product\/yoast-seo-wordpress\/ -->\n<title>Mentions l\u00e9gales - Stadium Caen<\/title>\n<meta name=\"description\" content=\"Conform\u00e9ment aux dispositions de la loi n\u00b0 2004-575 du 21 juin 2004 pour la confiance en l&#039;\u00e9conomie num\u00e9rique, il est pr\u00e9cis\u00e9...\" \/>\n<meta name=\"robots\" content=\"index, follow, max-snippet:-1, max-image-preview:large, max-video-preview:-1\" \/>\n<link rel=\"canonical\" href=\"https:\/\/stadiumcaen.fr\/en\/mentions-legales\/\" \/>\n<meta property=\"og:locale\" content=\"en_US\" \/>\n<meta property=\"og:type\" content=\"article\" \/>\n<meta property=\"og:title\" content=\"Mentions l\u00e9gales - Stadium Caen\" \/>\n<meta property=\"og:description\" content=\"Conform\u00e9ment aux dispositions de la loi n\u00b0 2004-575 du 21 juin 2004 pour la confiance en l&#039;\u00e9conomie num\u00e9rique, il est pr\u00e9cis\u00e9...\" \/>\n<meta property=\"og:url\" content=\"https:\/\/stadiumcaen.fr\/en\/mentions-legales\/\" \/>\n<meta property=\"og:site_name\" content=\"Stadium Caen\" \/>\n<meta property=\"article:modified_time\" content=\"2024-02-14T09:58:53+00:00\" \/>\n<meta name=\"twitter:card\" content=\"summary_large_image\" \/>\n<meta name=\"twitter:label1\" content=\"Est. reading time\" \/>\n\t<meta name=\"twitter:data1\" content=\"2 minutes\" \/>\n<script type=\"application\/ld+json\" class=\"yoast-schema-graph\">{\"@context\":\"https:\\\/\\\/schema.org\",\"@graph\":[{\"@type\":\"WebPage\",\"@id\":\"https:\\\/\\\/stadiumcaen.fr\\\/mentions-legales\\\/\",\"url\":\"https:\\\/\\\/stadiumcaen.fr\\\/mentions-legales\\\/\",\"name\":\"Mentions l\u00e9gales - Stadium Caen\",\"isPartOf\":{\"@id\":\"https:\\\/\\\/stadiumcaen.fr\\\/#website\"},\"datePublished\":\"2022-06-30T14:30:16+00:00\",\"dateModified\":\"2024-02-14T09:58:53+00:00\",\"description\":\"Conform\u00e9ment aux dispositions de la loi n\u00b0 2004-575 du 21 juin 2004 pour la confiance en l'\u00e9conomie num\u00e9rique, il est pr\u00e9cis\u00e9...\",\"breadcrumb\":{\"@id\":\"https:\\\/\\\/stadiumcaen.fr\\\/mentions-legales\\\/#breadcrumb\"},\"inLanguage\":\"en-US\",\"potentialAction\":[{\"@type\":\"ReadAction\",\"target\":[\"https:\\\/\\\/stadiumcaen.fr\\\/mentions-legales\\\/\"]}]},{\"@type\":\"BreadcrumbList\",\"@id\":\"https:\\\/\\\/stadiumcaen.fr\\\/mentions-legales\\\/#breadcrumb\",\"itemListElement\":[{\"@type\":\"ListItem\",\"position\":1,\"name\":\"Accueil\",\"item\":\"https:\\\/\\\/stadiumcaen.fr\\\/\"},{\"@type\":\"ListItem\",\"position\":2,\"name\":\"Mentions l\u00e9gales\"}]},{\"@type\":\"WebSite\",\"@id\":\"https:\\\/\\\/stadiumcaen.fr\\\/#website\",\"url\":\"https:\\\/\\\/stadiumcaen.fr\\\/\",\"name\":\"Stadium Caen\",\"description\":\"Le complexe sportif accessible \u00e0 tous\",\"publisher\":{\"@id\":\"https:\\\/\\\/stadiumcaen.fr\\\/#organization\"},\"potentialAction\":[{\"@type\":\"SearchAction\",\"target\":{\"@type\":\"EntryPoint\",\"urlTemplate\":\"https:\\\/\\\/stadiumcaen.fr\\\/?s={search_term_string}\"},\"query-input\":{\"@type\":\"PropertyValueSpecification\",\"valueRequired\":true,\"valueName\":\"search_term_string\"}}],\"inLanguage\":\"en-US\"},{\"@type\":\"Organization\",\"@id\":\"https:\\\/\\\/stadiumcaen.fr\\\/#organization\",\"name\":\"Stadium\",\"url\":\"https:\\\/\\\/stadiumcaen.fr\\\/\",\"logo\":{\"@type\":\"ImageObject\",\"inLanguage\":\"en-US\",\"@id\":\"https:\\\/\\\/stadiumcaen.fr\\\/#\\\/schema\\\/logo\\\/image\\\/\",\"url\":\"http:\\\/\\\/stadiumcaen.fr\\\/wp-content\\\/uploads\\\/2022\\\/04\\\/logo_stadium.png\",\"contentUrl\":\"http:\\\/\\\/stadiumcaen.fr\\\/wp-content\\\/uploads\\\/2022\\\/04\\\/logo_stadium.png\",\"width\":1935,\"height\":1133,\"caption\":\"Stadium\"},\"image\":{\"@id\":\"https:\\\/\\\/stadiumcaen.fr\\\/#\\\/schema\\\/logo\\\/image\\\/\"}}]}<\/script>\n<!-- \/ Yoast SEO plugin. -->","yoast_head_json":{"title":"Mentions l\u00e9gales - Stadium Caen","description":"Conform\u00e9ment aux dispositions de la loi n\u00b0 2004-575 du 21 juin 2004 pour la confiance en l'\u00e9conomie num\u00e9rique, il est pr\u00e9cis\u00e9...","robots":{"index":"index","follow":"follow","max-snippet":"max-snippet:-1","max-image-preview":"max-image-preview:large","max-video-preview":"max-video-preview:-1"},"canonical":"https:\/\/stadiumcaen.fr\/en\/mentions-legales\/","og_locale":"en_US","og_type":"article","og_title":"Mentions l\u00e9gales - Stadium Caen","og_description":"Conform\u00e9ment aux dispositions de la loi n\u00b0 2004-575 du 21 juin 2004 pour la confiance en l'\u00e9conomie num\u00e9rique, il est pr\u00e9cis\u00e9...","og_url":"https:\/\/stadiumcaen.fr\/en\/mentions-legales\/","og_site_name":"Stadium Caen","article_modified_time":"2024-02-14T09:58:53+00:00","twitter_card":"summary_large_image","twitter_misc":{"Est. reading time":"2 minutes"},"schema":{"@context":"https:\/\/schema.org","@graph":[{"@type":"WebPage","@id":"https:\/\/stadiumcaen.fr\/mentions-legales\/","url":"https:\/\/stadiumcaen.fr\/mentions-legales\/","name":"Mentions l\u00e9gales - Stadium Caen","isPartOf":{"@id":"https:\/\/stadiumcaen.fr\/#website"},"datePublished":"2022-06-30T14:30:16+00:00","dateModified":"2024-02-14T09:58:53+00:00","description":"Conform\u00e9ment aux dispositions de la loi n\u00b0 2004-575 du 21 juin 2004 pour la confiance en l'\u00e9conomie num\u00e9rique, il est pr\u00e9cis\u00e9...","breadcrumb":{"@id":"https:\/\/stadiumcaen.fr\/mentions-legales\/#breadcrumb"},"inLanguage":"en-US","potentialAction":[{"@type":"ReadAction","target":["https:\/\/stadiumcaen.fr\/mentions-legales\/"]}]},{"@type":"BreadcrumbList","@id":"https:\/\/stadiumcaen.fr\/mentions-legales\/#breadcrumb","itemListElement":[{"@type":"ListItem","position":1,"name":"Accueil","item":"https:\/\/stadiumcaen.fr\/"},{"@type":"ListItem","position":2,"name":"Mentions l\u00e9gales"}]},{"@type":"WebSite","@id":"https:\/\/stadiumcaen.fr\/#website","url":"https:\/\/stadiumcaen.fr\/","name":"Caen Stadium","description":"The sports complex accessible to all","publisher":{"@id":"https:\/\/stadiumcaen.fr\/#organization"},"potentialAction":[{"@type":"SearchAction","target":{"@type":"EntryPoint","urlTemplate":"https:\/\/stadiumcaen.fr\/?s={search_term_string}"},"query-input":{"@type":"PropertyValueSpecification","valueRequired":true,"valueName":"search_term_string"}}],"inLanguage":"en-US"},{"@type":"Organization","@id":"https:\/\/stadiumcaen.fr\/#organization","name":"Stadium","url":"https:\/\/stadiumcaen.fr\/","logo":{"@type":"ImageObject","inLanguage":"en-US","@id":"https:\/\/stadiumcaen.fr\/#\/schema\/logo\/image\/","url":"http:\/\/stadiumcaen.fr\/wp-content\/uploads\/2022\/04\/logo_stadium.png","contentUrl":"http:\/\/stadiumcaen.fr\/wp-content\/uploads\/2022\/04\/logo_stadium.png","width":1935,"height":1133,"caption":"Stadium"},"image":{"@id":"https:\/\/stadiumcaen.fr\/#\/schema\/logo\/image\/"}}]}},"_links":{"self":[{"href":"https:\/\/stadiumcaen.fr\/en\/wp-json\/wp\/v2\/pages\/2120","targetHints":{"allow":["GET"]}}],"collection":[{"href":"https:\/\/stadiumcaen.fr\/en\/wp-json\/wp\/v2\/pages"}],"about":[{"href":"https:\/\/stadiumcaen.fr\/en\/wp-json\/wp\/v2\/types\/page"}],"author":[{"embeddable":true,"href":"https:\/\/stadiumcaen.fr\/en\/wp-json\/wp\/v2\/users\/1"}],"replies":[{"embeddable":true,"href":"https:\/\/stadiumcaen.fr\/en\/wp-json\/wp\/v2\/comments?post=2120"}],"version-history":[{"count":0,"href":"https:\/\/stadiumcaen.fr\/en\/wp-json\/wp\/v2\/pages\/2120\/revisions"}],"wp:attachment":[{"href":"https:\/\/stadiumcaen.fr\/en\/wp-json\/wp\/v2\/media?parent=2120"}],"curies":[{"name":"wp","href":"https:\/\/api.w.org\/{rel}","templated":true}]}}