{"id":3002,"date":"2024-04-23T11:35:11","date_gmt":"2024-04-23T09:35:11","guid":{"rendered":"https:\/\/stadiumcaen.fr\/?page_id=3002"},"modified":"2024-04-24T13:39:10","modified_gmt":"2024-04-24T11:39:10","slug":"foire-a-question","status":"publish","type":"page","link":"https:\/\/stadiumcaen.fr\/en\/foire-a-question\/","title":{"rendered":"FREQUENTLY ASKED QUESTIONS"},"content":{"rendered":"<div data-elementor-type=\"wp-page\" data-elementor-id=\"3002\" class=\"elementor elementor-3002\">\n\t\t\t\t\t\t\t\t\t<section class=\"elementor-section elementor-top-section elementor-element elementor-element-9446b86 elementor-section-boxed elementor-section-height-default elementor-section-height-default\" data-id=\"9446b86\" data-element_type=\"section\">\n\t\t\t\t\t\t<div class=\"elementor-container elementor-column-gap-default\">\n\t\t\t\t\t<div class=\"elementor-column elementor-col-100 elementor-top-column elementor-element elementor-element-b9e45dc\" data-id=\"b9e45dc\" data-element_type=\"column\">\n\t\t\t<div class=\"elementor-widget-wrap elementor-element-populated\">\n\t\t\t\t\t\t\t\t<div class=\"elementor-element elementor-element-8452383 elementor-widget elementor-widget-spacer\" data-id=\"8452383\" data-element_type=\"widget\" data-widget_type=\"spacer.default\">\n\t\t\t\t<div class=\"elementor-widget-container\">\n\t\t\t<style>\/*! elementor - v3.6.7 - 03-07-2022 *\/\n.e-container.e-container--row .elementor-spacer-inner{width:var(--spacer-size)}.e-container.e-container--column .elementor-spacer-inner,.elementor-column .elementor-spacer-inner{height:var(--spacer-size)}<\/style>\t\t<div class=\"elementor-spacer\">\n\t\t\t<div class=\"elementor-spacer-inner\"><\/div>\n\t\t<\/div>\n\t\t\t\t<\/div>\n\t\t\t\t<\/div>\n\t\t\t\t<div class=\"elementor-element elementor-element-ccd4b56 elementor-widget elementor-widget-heading\" data-id=\"ccd4b56\" data-element_type=\"widget\" data-widget_type=\"heading.default\">\n\t\t\t\t<div class=\"elementor-widget-container\">\n\t\t\t<style>\/*! elementor - v3.6.7 - 03-07-2022 *\/\n.elementor-heading-title{padding:0;margin:0;line-height:1}.elementor-widget-heading .elementor-heading-title[class*=elementor-size-]>a{color:inherit;font-size:inherit;line-height:inherit}.elementor-widget-heading .elementor-heading-title.elementor-size-small{font-size:15px}.elementor-widget-heading .elementor-heading-title.elementor-size-medium{font-size:19px}.elementor-widget-heading .elementor-heading-title.elementor-size-large{font-size:29px}.elementor-widget-heading .elementor-heading-title.elementor-size-xl{font-size:39px}.elementor-widget-heading .elementor-heading-title.elementor-size-xxl{font-size:59px}<\/style><h1 class=\"elementor-heading-title elementor-size-default\">FREQUENTLY ASKED QUESTIONS <\/h1>\t\t<\/div>\n\t\t\t\t<\/div>\n\t\t\t\t\t<\/div>\n\t\t<\/div>\n\t\t\t\t\t\t\t<\/div>\n\t\t<\/section>\n\t\t\t\t<section class=\"elementor-section elementor-top-section elementor-element elementor-element-f0acb4c elementor-section-boxed elementor-section-height-default elementor-section-height-default\" data-id=\"f0acb4c\" data-element_type=\"section\">\n\t\t\t\t\t\t<div class=\"elementor-container elementor-column-gap-default\">\n\t\t\t\t\t<div class=\"elementor-column elementor-col-50 elementor-top-column elementor-element elementor-element-31a267f\" data-id=\"31a267f\" data-element_type=\"column\">\n\t\t\t<div class=\"elementor-widget-wrap elementor-element-populated\">\n\t\t\t\t\t\t\t\t<div class=\"elementor-element elementor-element-2fb956e elementor-widget elementor-widget-image\" data-id=\"2fb956e\" data-element_type=\"widget\" data-widget_type=\"image.default\">\n\t\t\t\t<div class=\"elementor-widget-container\">\n\t\t\t<style>\/*! elementor - v3.6.7 - 03-07-2022 *\/\n.elementor-widget-image{text-align:center}.elementor-widget-image a{display:inline-block}.elementor-widget-image a img[src$=\".svg\"]{width:48px}.elementor-widget-image img{vertical-align:middle;display:inline-block}<\/style>\t\t\t\t\t\t\t\t\t\t\t\t<img decoding=\"async\" src=\"https:\/\/stadiumcaen.fr\/wp-content\/uploads\/2024\/04\/truth-concept-arrangement-with-magnifier-scaled.jpg\" title=\"truth-concept-arrangement-with-magnifier\" alt=\"truth-concept-arrangement-with-magnifier\" \/>\t\t\t\t\t\t\t\t\t\t\t\t\t\t\t<\/div>\n\t\t\t\t<\/div>\n\t\t\t\t\t<\/div>\n\t\t<\/div>\n\t\t\t\t<div class=\"elementor-column elementor-col-50 elementor-top-column elementor-element elementor-element-be099c5\" data-id=\"be099c5\" data-element_type=\"column\">\n\t\t\t<div class=\"elementor-widget-wrap elementor-element-populated\">\n\t\t\t\t\t\t\t\t<div class=\"elementor-element elementor-element-68ae0af elementor-widget elementor-widget-text-editor\" data-id=\"68ae0af\" data-element_type=\"widget\" data-widget_type=\"text-editor.default\">\n\t\t\t\t<div class=\"elementor-widget-container\">\n\t\t\t<style>\/*! elementor - v3.6.7 - 03-07-2022 *\/\n.elementor-widget-text-editor.elementor-drop-cap-view-stacked .elementor-drop-cap{background-color:#818a91;color:#fff}.elementor-widget-text-editor.elementor-drop-cap-view-framed .elementor-drop-cap{color:#818a91;border:3px solid;background-color:transparent}.elementor-widget-text-editor:not(.elementor-drop-cap-view-default) .elementor-drop-cap{margin-top:8px}.elementor-widget-text-editor:not(.elementor-drop-cap-view-default) .elementor-drop-cap-letter{width:1em;height:1em}.elementor-widget-text-editor .elementor-drop-cap{float:left;text-align:center;line-height:1;font-size:50px}.elementor-widget-text-editor .elementor-drop-cap-letter{display:inline-block}<\/style>\t\t\t\t<p><b>SPORT - <\/b>FREQUENTLY ASKED QUESTIONS<\/p>\n<h5><b style=\"font-style: inherit;\">Is it possible to rent equipment?<\/b><\/h5><h5><span style=\"font-weight: normal;\">Badminton, squash and padel rackets can be rented for \u20ac2 each.<\/span><\/h5><h5><b>What equipment is provided free of charge with the pitch rental?<\/b><\/h5><h5><span style=\"font-weight: normal;\">Squash balls, shuttlecocks, goalkeeper's gloves, chasubles, footballs and basketballs are on loan, as well as used padel balls.<\/span><\/h5>\n\n\n\n<h5><b>Is it possible to buy equipment?<\/b><\/h5>\n<h5><span style=\"font-weight: normal;\">Tubes of padel balls can be purchased directly from the club.<\/span><\/h5>\t\t\t\t\t\t<\/div>\n\t\t\t\t<\/div>\n\t\t\t\t\t<\/div>\n\t\t<\/div>\n\t\t\t\t\t\t\t<\/div>\n\t\t<\/section>\n\t\t\t\t<section class=\"elementor-section elementor-top-section elementor-element elementor-element-7bbb7a1 elementor-section-boxed elementor-section-height-default elementor-section-height-default\" data-id=\"7bbb7a1\" data-element_type=\"section\">\n\t\t\t\t\t\t<div class=\"elementor-container elementor-column-gap-default\">\n\t\t\t\t\t<div class=\"elementor-column elementor-col-100 elementor-top-column elementor-element elementor-element-2db2e91\" data-id=\"2db2e91\" data-element_type=\"column\">\n\t\t\t<div class=\"elementor-widget-wrap elementor-element-populated\">\n\t\t\t\t\t\t\t\t<div class=\"elementor-element elementor-element-cc2eb00 elementor-widget elementor-widget-text-editor\" data-id=\"cc2eb00\" data-element_type=\"widget\" data-widget_type=\"text-editor.default\">\n\t\t\t\t<div class=\"elementor-widget-container\">\n\t\t\t\t\t\t\t<h5><b>What shoes are allowed for soccer?<\/b><\/h5>\n<h5><span style=\"font-weight: normal;\">All types of footwear are permitted (including molded spikes).<\/span><\/h5>\n<h5><b>What footwear is prohibited for squash?<\/b><\/h5>\n<h5><span style=\"font-weight: normal;\">Black-soled shoes are not permitted for squash.<\/span><\/h5>\n<h5><b>Is it possible to increase the number of people on the grounds?<\/b><\/h5>\n<h5><span style=\"font-weight: normal;\">You can come as many times as you like, and the cost of the pitch will be divided by the number of players present.<\/span><\/h5>\n<h5><b>Is the stadium open on public holidays?<\/b><\/h5>\n<h5><span style=\"font-weight: normal;\">Yes, stadium opening times vary on <\/span><span style=\"font-weight: 400;\">public holidays (consult application)<\/span><span style=\"font-weight: normal;\">.<\/span><\/h5>\n<h5><b>Is the stadium open on Sundays?<\/b><\/h5>\n<h5><span style=\"font-weight: normal;\">For the moment, we're closed on Sundays, but we'll be opening 10 Sundays a year to host padel tournaments.<\/span><\/h5>\n<h5><b>How do you find players to organize your sports sessions?<\/b><\/h5>\n<h5><span style=\"font-weight: normal;\">We have set up two WhatsApp communities <a href=\"https:\/\/chat.whatsapp.com\/KXKuMX0Ix1i2tYiBMRDcuL\">woman <\/a>and <a href=\"https:\/\/chat.whatsapp.com\/HZLRrdC6J1lDkc9SM3YBX6\">man<\/a> to help you find players of your level in the sport you want to play. Click on the community of your choice to join.<\/span><\/h5>\t\t\t\t\t\t<\/div>\n\t\t\t\t<\/div>\n\t\t\t\t<div class=\"elementor-element elementor-element-f189939 elementor-widget-divider--view-line elementor-widget elementor-widget-divider\" data-id=\"f189939\" data-element_type=\"widget\" data-widget_type=\"divider.default\">\n\t\t\t\t<div class=\"elementor-widget-container\">\n\t\t\t<style>\/*! elementor - v3.6.7 - 03-07-2022 *\/\n.elementor-widget-divider{--divider-border-style:none;--divider-border-width:1px;--divider-color:#2c2c2c;--divider-icon-size:20px;--divider-element-spacing:10px;--divider-pattern-height:24px;--divider-pattern-size:20px;--divider-pattern-url:none;--divider-pattern-repeat:repeat-x}.elementor-widget-divider .elementor-divider{display:-webkit-box;display:-ms-flexbox;display:flex}.elementor-widget-divider .elementor-divider__text{font-size:15px;line-height:1;max-width:95%}.elementor-widget-divider .elementor-divider__element{margin:0 var(--divider-element-spacing);-ms-flex-negative:0;flex-shrink:0}.elementor-widget-divider .elementor-icon{font-size:var(--divider-icon-size)}.elementor-widget-divider .elementor-divider-separator{display:-webkit-box;display:-ms-flexbox;display:flex;margin:0;direction:ltr}.elementor-widget-divider--view-line_icon .elementor-divider-separator,.elementor-widget-divider--view-line_text .elementor-divider-separator{-webkit-box-align:center;-ms-flex-align:center;align-items:center}.elementor-widget-divider--view-line_icon .elementor-divider-separator:after,.elementor-widget-divider--view-line_icon .elementor-divider-separator:before,.elementor-widget-divider--view-line_text .elementor-divider-separator:after,.elementor-widget-divider--view-line_text .elementor-divider-separator:before{display:block;content:\"\";border-bottom:0;-webkit-box-flex:1;-ms-flex-positive:1;flex-grow:1;border-top:var(--divider-border-width) var(--divider-border-style) var(--divider-color)}.elementor-widget-divider--element-align-left .elementor-divider .elementor-divider-separator>.elementor-divider__svg:first-of-type{-webkit-box-flex:0;-ms-flex-positive:0;flex-grow:0;-ms-flex-negative:100;flex-shrink:100}.elementor-widget-divider--element-align-left .elementor-divider-separator:before{content:none}.elementor-widget-divider--element-align-left .elementor-divider__element{margin-left:0}.elementor-widget-divider--element-align-right .elementor-divider .elementor-divider-separator>.elementor-divider__svg:last-of-type{-webkit-box-flex:0;-ms-flex-positive:0;flex-grow:0;-ms-flex-negative:100;flex-shrink:100}.elementor-widget-divider--element-align-right .elementor-divider-separator:after{content:none}.elementor-widget-divider--element-align-right .elementor-divider__element{margin-right:0}.elementor-widget-divider:not(.elementor-widget-divider--view-line_text):not(.elementor-widget-divider--view-line_icon) .elementor-divider-separator{border-top:var(--divider-border-width) var(--divider-border-style) var(--divider-color)}.elementor-widget-divider--separator-type-pattern{--divider-border-style:none}.elementor-widget-divider--separator-type-pattern.elementor-widget-divider--view-line .elementor-divider-separator,.elementor-widget-divider--separator-type-pattern:not(.elementor-widget-divider--view-line) .elementor-divider-separator:after,.elementor-widget-divider--separator-type-pattern:not(.elementor-widget-divider--view-line) .elementor-divider-separator:before,.elementor-widget-divider--separator-type-pattern:not([class*=elementor-widget-divider--view]) .elementor-divider-separator{width:100%;min-height:var(--divider-pattern-height);-webkit-mask-size:var(--divider-pattern-size) 100%;mask-size:var(--divider-pattern-size) 100%;-webkit-mask-repeat:var(--divider-pattern-repeat);mask-repeat:var(--divider-pattern-repeat);background-color:var(--divider-color);-webkit-mask-image:var(--divider-pattern-url);mask-image:var(--divider-pattern-url)}.elementor-widget-divider--no-spacing{--divider-pattern-size:auto}.elementor-widget-divider--bg-round{--divider-pattern-repeat:round}.rtl .elementor-widget-divider .elementor-divider__text{direction:rtl}<\/style>\t\t<div class=\"elementor-divider\">\n\t\t\t<span class=\"elementor-divider-separator\">\n\t\t\t\t\t\t<\/span>\n\t\t<\/div>\n\t\t\t\t<\/div>\n\t\t\t\t<\/div>\n\t\t\t\t\t<\/div>\n\t\t<\/div>\n\t\t\t\t\t\t\t<\/div>\n\t\t<\/section>\n\t\t\t\t<section class=\"elementor-section elementor-top-section elementor-element elementor-element-674a209 elementor-section-boxed elementor-section-height-default elementor-section-height-default\" data-id=\"674a209\" data-element_type=\"section\" data-settings=\"{&quot;background_background&quot;:&quot;classic&quot;}\">\n\t\t\t\t\t\t<div class=\"elementor-container elementor-column-gap-default\">\n\t\t\t\t\t<div class=\"elementor-column elementor-col-50 elementor-top-column elementor-element elementor-element-48e3de5\" data-id=\"48e3de5\" data-element_type=\"column\">\n\t\t\t<div class=\"elementor-widget-wrap elementor-element-populated\">\n\t\t\t\t\t\t\t\t<div class=\"elementor-element elementor-element-5f4de95 elementor-widget elementor-widget-text-editor\" data-id=\"5f4de95\" data-element_type=\"widget\" data-widget_type=\"text-editor.default\">\n\t\t\t\t<div class=\"elementor-widget-container\">\n\t\t\t\t\t\t\t<h5><b>BAR - <\/b><span style=\"font-weight: normal;\">FREQUENTLY ASKED QUESTIONS<\/span><\/h5>\n<h5><b>Is it possible to eat on site?<\/b><\/h5>\n<h5><span style=\"font-weight: normal;\">Our bar offers a selection of beers and tapas.<\/span><\/h5>\n<h5><b>Which matches are broadcast at the stadium?<\/b><\/h5>\n<h5><span style=\"font-weight: normal;\">Keep up to date with all the latest news on our Instagram @stadiumcaen.<\/span><\/h5>\t\t\t\t\t\t<\/div>\n\t\t\t\t<\/div>\n\t\t\t\t\t<\/div>\n\t\t<\/div>\n\t\t\t\t<div class=\"elementor-column elementor-col-50 elementor-top-column elementor-element elementor-element-1d23d76\" data-id=\"1d23d76\" data-element_type=\"column\">\n\t\t\t<div class=\"elementor-widget-wrap elementor-element-populated\">\n\t\t\t\t\t\t\t\t<div class=\"elementor-element elementor-element-919b18e elementor-widget elementor-widget-image\" data-id=\"919b18e\" data-element_type=\"widget\" data-widget_type=\"image.default\">\n\t\t\t\t<div class=\"elementor-widget-container\">\n\t\t\t\t\t\t\t\t\t\t\t\t\t\t\t<img decoding=\"async\" src=\"https:\/\/stadiumcaen.fr\/wp-content\/uploads\/2024\/04\/IMG_6801-scaled.jpg\" title=\"IMG_6801\" alt=\"IMG_6801\" \/>\t\t\t\t\t\t\t\t\t\t\t\t\t\t\t<\/div>\n\t\t\t\t<\/div>\n\t\t\t\t\t<\/div>\n\t\t<\/div>\n\t\t\t\t\t\t\t<\/div>\n\t\t<\/section>\n\t\t\t\t\t\t\t<\/div>","protected":false},"excerpt":{"rendered":"<p>FOIRE AUX QUESTIONS SPORT &#8211; FOIRE AUX QUESTIONS Est-il possible de louer le mat\u00e9riel ? Il vous est possible de louer les raquettes de badminton, de squash et de padel au tarif de 2\u20ac l\u2019unit\u00e9. Quel mat\u00e9riel est fourni gratuitement \u00e0 la location du terrain ? Les balles de squash, les volants, les gants de &hellip;<\/p>\n<p class=\"read-more\"> <a class=\"\" href=\"https:\/\/stadiumcaen.fr\/en\/foire-a-question\/\"> <span class=\"screen-reader-text\">FREQUENTLY ASKED QUESTIONS<\/span> Read More \"<\/a><\/p>","protected":false},"author":1,"featured_media":0,"parent":0,"menu_order":0,"comment_status":"closed","ping_status":"closed","template":"","meta":{"site-sidebar-layout":"no-sidebar","site-content-layout":"page-builder","ast-global-header-display":"","ast-main-header-display":"","ast-hfb-above-header-display":"","ast-hfb-below-header-display":"","ast-hfb-mobile-header-display":"","site-post-title":"disabled","ast-breadcrumbs-content":"","ast-featured-img":"disabled","footer-sml-layout":"","theme-transparent-header-meta":"","adv-header-id-meta":"","stick-header-meta":"","header-above-stick-meta":"","header-main-stick-meta":"","header-below-stick-meta":"","footnotes":""},"class_list":["post-3002","page","type-page","status-publish","hentry"],"yoast_head":"<!-- This site is optimized with the Yoast SEO plugin v27.4 - https:\/\/yoast.com\/product\/yoast-seo-wordpress\/ -->\n<title>FOIRE AUX QUESTIONS - Stadium Caen<\/title>\n<meta name=\"description\" content=\"Vous souhaitez en savoir plus sur nos activit\u00e9s sportives et obtenir des informations facilement ? Nous vous proposons de lire les questions qui nous sont le plus souvent pos\u00e9es.\" \/>\n<meta name=\"robots\" content=\"index, follow, max-snippet:-1, max-image-preview:large, max-video-preview:-1\" \/>\n<link rel=\"canonical\" href=\"https:\/\/stadiumcaen.fr\/en\/foire-a-question\/\" \/>\n<meta property=\"og:locale\" content=\"en_US\" \/>\n<meta property=\"og:type\" content=\"article\" \/>\n<meta property=\"og:title\" content=\"FOIRE AUX QUESTIONS - Stadium Caen\" \/>\n<meta property=\"og:description\" content=\"Vous souhaitez en savoir plus sur nos activit\u00e9s sportives et obtenir des informations facilement ? Nous vous proposons de lire les questions qui nous sont le plus souvent pos\u00e9es.\" \/>\n<meta property=\"og:url\" content=\"https:\/\/stadiumcaen.fr\/en\/foire-a-question\/\" \/>\n<meta property=\"og:site_name\" content=\"Stadium Caen\" \/>\n<meta property=\"article:modified_time\" content=\"2024-04-24T11:39:10+00:00\" \/>\n<meta property=\"og:image\" content=\"https:\/\/stadiumcaen.fr\/wp-content\/uploads\/2024\/04\/truth-concept-arrangement-with-magnifier-scaled.jpg\" \/>\n<meta name=\"twitter:card\" content=\"summary_large_image\" \/>\n<meta name=\"twitter:label1\" content=\"Est. reading time\" \/>\n\t<meta name=\"twitter:data1\" content=\"2 minutes\" \/>\n<script type=\"application\/ld+json\" class=\"yoast-schema-graph\">{\"@context\":\"https:\\\/\\\/schema.org\",\"@graph\":[{\"@type\":\"WebPage\",\"@id\":\"https:\\\/\\\/stadiumcaen.fr\\\/foire-a-question\\\/\",\"url\":\"https:\\\/\\\/stadiumcaen.fr\\\/foire-a-question\\\/\",\"name\":\"FOIRE AUX QUESTIONS - Stadium Caen\",\"isPartOf\":{\"@id\":\"https:\\\/\\\/stadiumcaen.fr\\\/#website\"},\"primaryImageOfPage\":{\"@id\":\"https:\\\/\\\/stadiumcaen.fr\\\/foire-a-question\\\/#primaryimage\"},\"image\":{\"@id\":\"https:\\\/\\\/stadiumcaen.fr\\\/foire-a-question\\\/#primaryimage\"},\"thumbnailUrl\":\"https:\\\/\\\/stadiumcaen.fr\\\/wp-content\\\/uploads\\\/2024\\\/04\\\/truth-concept-arrangement-with-magnifier-scaled.jpg\",\"datePublished\":\"2024-04-23T09:35:11+00:00\",\"dateModified\":\"2024-04-24T11:39:10+00:00\",\"description\":\"Vous souhaitez en savoir plus sur nos activit\u00e9s sportives et obtenir des informations facilement ? Nous vous proposons de lire les questions qui nous sont le plus souvent pos\u00e9es.\",\"breadcrumb\":{\"@id\":\"https:\\\/\\\/stadiumcaen.fr\\\/foire-a-question\\\/#breadcrumb\"},\"inLanguage\":\"en-US\",\"potentialAction\":[{\"@type\":\"ReadAction\",\"target\":[\"https:\\\/\\\/stadiumcaen.fr\\\/foire-a-question\\\/\"]}]},{\"@type\":\"ImageObject\",\"inLanguage\":\"en-US\",\"@id\":\"https:\\\/\\\/stadiumcaen.fr\\\/foire-a-question\\\/#primaryimage\",\"url\":\"https:\\\/\\\/stadiumcaen.fr\\\/wp-content\\\/uploads\\\/2024\\\/04\\\/truth-concept-arrangement-with-magnifier-scaled.jpg\",\"contentUrl\":\"https:\\\/\\\/stadiumcaen.fr\\\/wp-content\\\/uploads\\\/2024\\\/04\\\/truth-concept-arrangement-with-magnifier-scaled.jpg\"},{\"@type\":\"BreadcrumbList\",\"@id\":\"https:\\\/\\\/stadiumcaen.fr\\\/foire-a-question\\\/#breadcrumb\",\"itemListElement\":[{\"@type\":\"ListItem\",\"position\":1,\"name\":\"Accueil\",\"item\":\"https:\\\/\\\/stadiumcaen.fr\\\/\"},{\"@type\":\"ListItem\",\"position\":2,\"name\":\"FOIRE AUX QUESTIONS\"}]},{\"@type\":\"WebSite\",\"@id\":\"https:\\\/\\\/stadiumcaen.fr\\\/#website\",\"url\":\"https:\\\/\\\/stadiumcaen.fr\\\/\",\"name\":\"Stadium Caen\",\"description\":\"Le complexe sportif accessible \u00e0 tous\",\"publisher\":{\"@id\":\"https:\\\/\\\/stadiumcaen.fr\\\/#organization\"},\"potentialAction\":[{\"@type\":\"SearchAction\",\"target\":{\"@type\":\"EntryPoint\",\"urlTemplate\":\"https:\\\/\\\/stadiumcaen.fr\\\/?s={search_term_string}\"},\"query-input\":{\"@type\":\"PropertyValueSpecification\",\"valueRequired\":true,\"valueName\":\"search_term_string\"}}],\"inLanguage\":\"en-US\"},{\"@type\":\"Organization\",\"@id\":\"https:\\\/\\\/stadiumcaen.fr\\\/#organization\",\"name\":\"Stadium\",\"url\":\"https:\\\/\\\/stadiumcaen.fr\\\/\",\"logo\":{\"@type\":\"ImageObject\",\"inLanguage\":\"en-US\",\"@id\":\"https:\\\/\\\/stadiumcaen.fr\\\/#\\\/schema\\\/logo\\\/image\\\/\",\"url\":\"http:\\\/\\\/stadiumcaen.fr\\\/wp-content\\\/uploads\\\/2022\\\/04\\\/logo_stadium.png\",\"contentUrl\":\"http:\\\/\\\/stadiumcaen.fr\\\/wp-content\\\/uploads\\\/2022\\\/04\\\/logo_stadium.png\",\"width\":1935,\"height\":1133,\"caption\":\"Stadium\"},\"image\":{\"@id\":\"https:\\\/\\\/stadiumcaen.fr\\\/#\\\/schema\\\/logo\\\/image\\\/\"}}]}<\/script>\n<!-- \/ Yoast SEO plugin. -->","yoast_head_json":{"title":"FOIRE AUX QUESTIONS - Stadium Caen","description":"Vous souhaitez en savoir plus sur nos activit\u00e9s sportives et obtenir des informations facilement ? Nous vous proposons de lire les questions qui nous sont le plus souvent pos\u00e9es.","robots":{"index":"index","follow":"follow","max-snippet":"max-snippet:-1","max-image-preview":"max-image-preview:large","max-video-preview":"max-video-preview:-1"},"canonical":"https:\/\/stadiumcaen.fr\/en\/foire-a-question\/","og_locale":"en_US","og_type":"article","og_title":"FOIRE AUX QUESTIONS - Stadium Caen","og_description":"Vous souhaitez en savoir plus sur nos activit\u00e9s sportives et obtenir des informations facilement ? Nous vous proposons de lire les questions qui nous sont le plus souvent pos\u00e9es.","og_url":"https:\/\/stadiumcaen.fr\/en\/foire-a-question\/","og_site_name":"Stadium Caen","article_modified_time":"2024-04-24T11:39:10+00:00","og_image":[{"url":"https:\/\/stadiumcaen.fr\/wp-content\/uploads\/2024\/04\/truth-concept-arrangement-with-magnifier-scaled.jpg","type":"","width":"","height":""}],"twitter_card":"summary_large_image","twitter_misc":{"Est. reading time":"2 minutes"},"schema":{"@context":"https:\/\/schema.org","@graph":[{"@type":"WebPage","@id":"https:\/\/stadiumcaen.fr\/foire-a-question\/","url":"https:\/\/stadiumcaen.fr\/foire-a-question\/","name":"FOIRE AUX QUESTIONS - Stadium Caen","isPartOf":{"@id":"https:\/\/stadiumcaen.fr\/#website"},"primaryImageOfPage":{"@id":"https:\/\/stadiumcaen.fr\/foire-a-question\/#primaryimage"},"image":{"@id":"https:\/\/stadiumcaen.fr\/foire-a-question\/#primaryimage"},"thumbnailUrl":"https:\/\/stadiumcaen.fr\/wp-content\/uploads\/2024\/04\/truth-concept-arrangement-with-magnifier-scaled.jpg","datePublished":"2024-04-23T09:35:11+00:00","dateModified":"2024-04-24T11:39:10+00:00","description":"Vous souhaitez en savoir plus sur nos activit\u00e9s sportives et obtenir des informations facilement ? Nous vous proposons de lire les questions qui nous sont le plus souvent pos\u00e9es.","breadcrumb":{"@id":"https:\/\/stadiumcaen.fr\/foire-a-question\/#breadcrumb"},"inLanguage":"en-US","potentialAction":[{"@type":"ReadAction","target":["https:\/\/stadiumcaen.fr\/foire-a-question\/"]}]},{"@type":"ImageObject","inLanguage":"en-US","@id":"https:\/\/stadiumcaen.fr\/foire-a-question\/#primaryimage","url":"https:\/\/stadiumcaen.fr\/wp-content\/uploads\/2024\/04\/truth-concept-arrangement-with-magnifier-scaled.jpg","contentUrl":"https:\/\/stadiumcaen.fr\/wp-content\/uploads\/2024\/04\/truth-concept-arrangement-with-magnifier-scaled.jpg"},{"@type":"BreadcrumbList","@id":"https:\/\/stadiumcaen.fr\/foire-a-question\/#breadcrumb","itemListElement":[{"@type":"ListItem","position":1,"name":"Accueil","item":"https:\/\/stadiumcaen.fr\/"},{"@type":"ListItem","position":2,"name":"FOIRE AUX QUESTIONS"}]},{"@type":"WebSite","@id":"https:\/\/stadiumcaen.fr\/#website","url":"https:\/\/stadiumcaen.fr\/","name":"Caen Stadium","description":"The sports complex accessible to all","publisher":{"@id":"https:\/\/stadiumcaen.fr\/#organization"},"potentialAction":[{"@type":"SearchAction","target":{"@type":"EntryPoint","urlTemplate":"https:\/\/stadiumcaen.fr\/?s={search_term_string}"},"query-input":{"@type":"PropertyValueSpecification","valueRequired":true,"valueName":"search_term_string"}}],"inLanguage":"en-US"},{"@type":"Organization","@id":"https:\/\/stadiumcaen.fr\/#organization","name":"Stadium","url":"https:\/\/stadiumcaen.fr\/","logo":{"@type":"ImageObject","inLanguage":"en-US","@id":"https:\/\/stadiumcaen.fr\/#\/schema\/logo\/image\/","url":"http:\/\/stadiumcaen.fr\/wp-content\/uploads\/2022\/04\/logo_stadium.png","contentUrl":"http:\/\/stadiumcaen.fr\/wp-content\/uploads\/2022\/04\/logo_stadium.png","width":1935,"height":1133,"caption":"Stadium"},"image":{"@id":"https:\/\/stadiumcaen.fr\/#\/schema\/logo\/image\/"}}]}},"_links":{"self":[{"href":"https:\/\/stadiumcaen.fr\/en\/wp-json\/wp\/v2\/pages\/3002","targetHints":{"allow":["GET"]}}],"collection":[{"href":"https:\/\/stadiumcaen.fr\/en\/wp-json\/wp\/v2\/pages"}],"about":[{"href":"https:\/\/stadiumcaen.fr\/en\/wp-json\/wp\/v2\/types\/page"}],"author":[{"embeddable":true,"href":"https:\/\/stadiumcaen.fr\/en\/wp-json\/wp\/v2\/users\/1"}],"replies":[{"embeddable":true,"href":"https:\/\/stadiumcaen.fr\/en\/wp-json\/wp\/v2\/comments?post=3002"}],"version-history":[{"count":0,"href":"https:\/\/stadiumcaen.fr\/en\/wp-json\/wp\/v2\/pages\/3002\/revisions"}],"wp:attachment":[{"href":"https:\/\/stadiumcaen.fr\/en\/wp-json\/wp\/v2\/media?parent=3002"}],"curies":[{"name":"wp","href":"https:\/\/api.w.org\/{rel}","templated":true}]}}