{"id":3017,"date":"2024-04-23T16:31:14","date_gmt":"2024-04-23T14:31:14","guid":{"rendered":"https:\/\/stadiumcaen.fr\/?page_id=3017"},"modified":"2024-04-23T18:01:00","modified_gmt":"2024-04-23T16:01:00","slug":"barber-nils-studio","status":"publish","type":"page","link":"https:\/\/stadiumcaen.fr\/en\/barber-nils-studio\/","title":{"rendered":"Barber Nils Studio"},"content":{"rendered":"<div data-elementor-type=\"wp-page\" data-elementor-id=\"3017\" class=\"elementor elementor-3017\">\n\t\t\t\t\t\t\t\t\t<section class=\"elementor-section elementor-top-section elementor-element elementor-element-9db021d elementor-section-boxed elementor-section-height-default elementor-section-height-default\" data-id=\"9db021d\" data-element_type=\"section\">\n\t\t\t\t\t\t<div class=\"elementor-container elementor-column-gap-default\">\n\t\t\t\t\t<div class=\"elementor-column elementor-col-100 elementor-top-column elementor-element elementor-element-c87607d\" data-id=\"c87607d\" data-element_type=\"column\">\n\t\t\t<div class=\"elementor-widget-wrap elementor-element-populated\">\n\t\t\t\t\t\t\t\t<div class=\"elementor-element elementor-element-67c03ab elementor-widget elementor-widget-spacer\" data-id=\"67c03ab\" data-element_type=\"widget\" data-widget_type=\"spacer.default\">\n\t\t\t\t<div class=\"elementor-widget-container\">\n\t\t\t<style>\/*! elementor - v3.6.7 - 03-07-2022 *\/\n.e-container.e-container--row .elementor-spacer-inner{width:var(--spacer-size)}.e-container.e-container--column .elementor-spacer-inner,.elementor-column .elementor-spacer-inner{height:var(--spacer-size)}<\/style>\t\t<div class=\"elementor-spacer\">\n\t\t\t<div class=\"elementor-spacer-inner\"><\/div>\n\t\t<\/div>\n\t\t\t\t<\/div>\n\t\t\t\t<\/div>\n\t\t\t\t\t<\/div>\n\t\t<\/div>\n\t\t\t\t\t\t\t<\/div>\n\t\t<\/section>\n\t\t\t\t<section class=\"elementor-section elementor-top-section elementor-element elementor-element-ef6863e elementor-section-boxed elementor-section-height-default elementor-section-height-default\" data-id=\"ef6863e\" data-element_type=\"section\" data-settings=\"{&quot;background_background&quot;:&quot;classic&quot;}\">\n\t\t\t\t\t\t<div class=\"elementor-container elementor-column-gap-default\">\n\t\t\t\t\t<div class=\"elementor-column elementor-col-100 elementor-top-column elementor-element elementor-element-6ad99c5\" data-id=\"6ad99c5\" data-element_type=\"column\">\n\t\t\t<div class=\"elementor-widget-wrap elementor-element-populated\">\n\t\t\t\t\t\t\t\t<div class=\"elementor-element elementor-element-30947f5 elementor-widget elementor-widget-heading\" data-id=\"30947f5\" data-element_type=\"widget\" data-widget_type=\"heading.default\">\n\t\t\t\t<div class=\"elementor-widget-container\">\n\t\t\t<style>\/*! elementor - v3.6.7 - 03-07-2022 *\/\n.elementor-heading-title{padding:0;margin:0;line-height:1}.elementor-widget-heading .elementor-heading-title[class*=elementor-size-]>a{color:inherit;font-size:inherit;line-height:inherit}.elementor-widget-heading .elementor-heading-title.elementor-size-small{font-size:15px}.elementor-widget-heading .elementor-heading-title.elementor-size-medium{font-size:19px}.elementor-widget-heading .elementor-heading-title.elementor-size-large{font-size:29px}.elementor-widget-heading .elementor-heading-title.elementor-size-xl{font-size:39px}.elementor-widget-heading .elementor-heading-title.elementor-size-xxl{font-size:59px}<\/style><h1 class=\"elementor-heading-title elementor-size-default\">Barber Nils Studio<\/h1>\t\t<\/div>\n\t\t\t\t<\/div>\n\t\t\t\t\t<\/div>\n\t\t<\/div>\n\t\t\t\t\t\t\t<\/div>\n\t\t<\/section>\n\t\t\t\t<section class=\"elementor-section elementor-top-section elementor-element elementor-element-8a66b83 elementor-section-boxed elementor-section-height-default elementor-section-height-default\" data-id=\"8a66b83\" data-element_type=\"section\">\n\t\t\t\t\t\t<div class=\"elementor-container elementor-column-gap-default\">\n\t\t\t\t\t<div class=\"elementor-column elementor-col-50 elementor-top-column elementor-element elementor-element-1e64750\" data-id=\"1e64750\" data-element_type=\"column\">\n\t\t\t<div class=\"elementor-widget-wrap elementor-element-populated\">\n\t\t\t\t\t\t\t\t<div class=\"elementor-element elementor-element-9afa0ef elementor-widget elementor-widget-spacer\" data-id=\"9afa0ef\" data-element_type=\"widget\" data-widget_type=\"spacer.default\">\n\t\t\t\t<div class=\"elementor-widget-container\">\n\t\t\t\t\t<div class=\"elementor-spacer\">\n\t\t\t<div class=\"elementor-spacer-inner\"><\/div>\n\t\t<\/div>\n\t\t\t\t<\/div>\n\t\t\t\t<\/div>\n\t\t\t\t<div class=\"elementor-element elementor-element-48a43ad elementor-widget elementor-widget-image\" data-id=\"48a43ad\" data-element_type=\"widget\" data-widget_type=\"image.default\">\n\t\t\t\t<div class=\"elementor-widget-container\">\n\t\t\t<style>\/*! elementor - v3.6.7 - 03-07-2022 *\/\n.elementor-widget-image{text-align:center}.elementor-widget-image a{display:inline-block}.elementor-widget-image a img[src$=\".svg\"]{width:48px}.elementor-widget-image img{vertical-align:middle;display:inline-block}<\/style>\t\t\t\t\t\t\t\t\t\t\t\t<img loading=\"lazy\" decoding=\"async\" width=\"1024\" height=\"1024\" src=\"https:\/\/stadiumcaen.fr\/wp-content\/uploads\/2024\/04\/IMG_5953-1024x1024.jpg\" class=\"attachment-large size-large\" alt=\"\" srcset=\"https:\/\/stadiumcaen.fr\/wp-content\/uploads\/2024\/04\/IMG_5953-1024x1024.jpg 1024w, https:\/\/stadiumcaen.fr\/wp-content\/uploads\/2024\/04\/IMG_5953-300x300.jpg 300w, https:\/\/stadiumcaen.fr\/wp-content\/uploads\/2024\/04\/IMG_5953-150x150.jpg 150w, https:\/\/stadiumcaen.fr\/wp-content\/uploads\/2024\/04\/IMG_5953-768x768.jpg 768w, https:\/\/stadiumcaen.fr\/wp-content\/uploads\/2024\/04\/IMG_5953-1536x1536.jpg 1536w, https:\/\/stadiumcaen.fr\/wp-content\/uploads\/2024\/04\/IMG_5953-2048x2048.jpg 2048w\" sizes=\"auto, (max-width: 1024px) 100vw, 1024px\" \/>\t\t\t\t\t\t\t\t\t\t\t\t\t\t\t<\/div>\n\t\t\t\t<\/div>\n\t\t\t\t\t<\/div>\n\t\t<\/div>\n\t\t\t\t<div class=\"elementor-column elementor-col-50 elementor-top-column elementor-element elementor-element-0f7a1f6\" data-id=\"0f7a1f6\" data-element_type=\"column\">\n\t\t\t<div class=\"elementor-widget-wrap elementor-element-populated\">\n\t\t\t\t\t\t\t\t<div class=\"elementor-element elementor-element-353e063 elementor-widget elementor-widget-spacer\" data-id=\"353e063\" data-element_type=\"widget\" data-widget_type=\"spacer.default\">\n\t\t\t\t<div class=\"elementor-widget-container\">\n\t\t\t\t\t<div class=\"elementor-spacer\">\n\t\t\t<div class=\"elementor-spacer-inner\"><\/div>\n\t\t<\/div>\n\t\t\t\t<\/div>\n\t\t\t\t<\/div>\n\t\t\t\t<div class=\"elementor-element elementor-element-1f7d98b elementor-widget elementor-widget-text-editor\" data-id=\"1f7d98b\" data-element_type=\"widget\" data-widget_type=\"text-editor.default\">\n\t\t\t\t<div class=\"elementor-widget-container\">\n\t\t\t<style>\/*! elementor - v3.6.7 - 03-07-2022 *\/\n.elementor-widget-text-editor.elementor-drop-cap-view-stacked .elementor-drop-cap{background-color:#818a91;color:#fff}.elementor-widget-text-editor.elementor-drop-cap-view-framed .elementor-drop-cap{color:#818a91;border:3px solid;background-color:transparent}.elementor-widget-text-editor:not(.elementor-drop-cap-view-default) .elementor-drop-cap{margin-top:8px}.elementor-widget-text-editor:not(.elementor-drop-cap-view-default) .elementor-drop-cap-letter{width:1em;height:1em}.elementor-widget-text-editor .elementor-drop-cap{float:left;text-align:center;line-height:1;font-size:50px}.elementor-widget-text-editor .elementor-drop-cap-letter{display:inline-block}<\/style>\t\t\t\t<p>Nils, barbier et coiffeur depuis 2016, \u00e0 ouvert son premier salon rue de Berni\u00e8re au coeur du centre ville de Caen au concept black and gold am\u00e9ricain.<\/p>\n<p>Sp\u00e9cialis\u00e9 dans la coupe urbaine et la taille de barbe structur\u00e9 , il vous accueille d\u00e9sormais dans son nouveau studio priv\u00e9 au couleur SPACE-AGE des ann\u00e9es 70s, au Stadium.&nbsp;<\/p>\n<p>Venez d\u00e9couvrir son univers et son salon qui refl\u00e8tent sa personnalit\u00e9 et son sens de l&rsquo;humour.<\/p>\n<p>Professionnel et accessible (parfois) , vous ne serez pas d\u00e9\u00e7u de votre coupe. l&rsquo;\u00e9quipe du stadium en a fais les frais avant vous.<\/p>\t\t\t\t\t\t<\/div>\n\t\t\t\t<\/div>\n\t\t\t\t<div class=\"elementor-element elementor-element-dc29d04 elementor-align-center elementor-widget elementor-widget-button\" data-id=\"dc29d04\" data-element_type=\"widget\" data-widget_type=\"button.default\">\n\t\t\t\t<div class=\"elementor-widget-container\">\n\t\t\t\t\t<div class=\"elementor-button-wrapper\">\n\t\t\t<a href=\"https:\/\/www.planity.com\/barber-nils-studio-epron\" class=\"elementor-button-link elementor-button elementor-size-sm\" role=\"button\">\n\t\t\t\t\t\t<span class=\"elementor-button-content-wrapper\">\n\t\t\t\t\t\t<span class=\"elementor-button-text\">RDV en ligne<\/span>\n\t\t<\/span>\n\t\t\t\t\t<\/a>\n\t\t<\/div>\n\t\t\t\t<\/div>\n\t\t\t\t<\/div>\n\t\t\t\t<div class=\"elementor-element elementor-element-b9486c8 elementor-widget elementor-widget-image\" data-id=\"b9486c8\" data-element_type=\"widget\" data-widget_type=\"image.default\">\n\t\t\t\t<div class=\"elementor-widget-container\">\n\t\t\t\t\t\t\t\t\t\t\t\t\t\t\t<img loading=\"lazy\" decoding=\"async\" width=\"150\" height=\"150\" src=\"https:\/\/stadiumcaen.fr\/wp-content\/uploads\/2024\/04\/Sans-titre-2-150x150.png\" class=\"attachment-thumbnail size-thumbnail\" alt=\"\" \/>\t\t\t\t\t\t\t\t\t\t\t\t\t\t\t<\/div>\n\t\t\t\t<\/div>\n\t\t\t\t\t<\/div>\n\t\t<\/div>\n\t\t\t\t\t\t\t<\/div>\n\t\t<\/section>\n\t\t\t\t\t\t\t<\/div>","protected":false},"excerpt":{"rendered":"<p>Barber Nils Studio Nils, barbier et coiffeur depuis 2016, \u00e0 ouvert son premier salon rue de Berni\u00e8re au coeur du centre ville de Caen au concept black and gold am\u00e9ricain. Sp\u00e9cialis\u00e9 dans la coupe urbaine et la taille de barbe structur\u00e9 , il vous accueille d\u00e9sormais dans son nouveau studio priv\u00e9 au couleur SPACE-AGE des &hellip;<\/p>\n<p class=\"read-more\"> <a class=\"\" href=\"https:\/\/stadiumcaen.fr\/en\/barber-nils-studio\/\"> <span class=\"screen-reader-text\">Barber Nils Studio<\/span> Read More \"<\/a><\/p>","protected":false},"author":1,"featured_media":0,"parent":0,"menu_order":0,"comment_status":"closed","ping_status":"closed","template":"","meta":{"site-sidebar-layout":"no-sidebar","site-content-layout":"page-builder","ast-global-header-display":"","ast-main-header-display":"","ast-hfb-above-header-display":"","ast-hfb-below-header-display":"","ast-hfb-mobile-header-display":"","site-post-title":"disabled","ast-breadcrumbs-content":"","ast-featured-img":"disabled","footer-sml-layout":"","theme-transparent-header-meta":"","adv-header-id-meta":"","stick-header-meta":"","header-above-stick-meta":"","header-main-stick-meta":"","header-below-stick-meta":"","footnotes":""},"class_list":["post-3017","page","type-page","status-publish","hentry"],"yoast_head":"<!-- This site is optimized with the Yoast SEO plugin v27.4 - https:\/\/yoast.com\/product\/yoast-seo-wordpress\/ -->\n<title>Barber Nils Studio - Stadium Caen<\/title>\n<meta name=\"description\" content=\"Barber Nils s&#039;installe au Stadium dans son nouveau studio. D\u00e9couvrez son univers et r\u00e9servez votre coupe en un clic.\" \/>\n<meta name=\"robots\" content=\"index, follow, max-snippet:-1, max-image-preview:large, max-video-preview:-1\" \/>\n<link rel=\"canonical\" href=\"https:\/\/stadiumcaen.fr\/en\/barber-nils-studio\/\" \/>\n<meta property=\"og:locale\" content=\"en_US\" \/>\n<meta property=\"og:type\" content=\"article\" \/>\n<meta property=\"og:title\" content=\"Barber Nils Studio - Stadium Caen\" \/>\n<meta property=\"og:description\" content=\"Barber Nils s&#039;installe au Stadium dans son nouveau studio. D\u00e9couvrez son univers et r\u00e9servez votre coupe en un clic.\" \/>\n<meta property=\"og:url\" content=\"https:\/\/stadiumcaen.fr\/en\/barber-nils-studio\/\" \/>\n<meta property=\"og:site_name\" content=\"Stadium Caen\" \/>\n<meta property=\"article:modified_time\" content=\"2024-04-23T16:01:00+00:00\" \/>\n<meta property=\"og:image\" content=\"https:\/\/stadiumcaen.fr\/wp-content\/uploads\/2024\/04\/IMG_5953-1024x1024.jpg\" \/>\n<meta name=\"twitter:card\" content=\"summary_large_image\" \/>\n<meta name=\"twitter:label1\" content=\"Est. reading time\" \/>\n\t<meta name=\"twitter:data1\" content=\"1 minute\" \/>\n<script type=\"application\/ld+json\" class=\"yoast-schema-graph\">{\"@context\":\"https:\\\/\\\/schema.org\",\"@graph\":[{\"@type\":\"WebPage\",\"@id\":\"https:\\\/\\\/stadiumcaen.fr\\\/barber-nils-studio\\\/\",\"url\":\"https:\\\/\\\/stadiumcaen.fr\\\/barber-nils-studio\\\/\",\"name\":\"Barber Nils Studio - Stadium Caen\",\"isPartOf\":{\"@id\":\"https:\\\/\\\/stadiumcaen.fr\\\/#website\"},\"primaryImageOfPage\":{\"@id\":\"https:\\\/\\\/stadiumcaen.fr\\\/barber-nils-studio\\\/#primaryimage\"},\"image\":{\"@id\":\"https:\\\/\\\/stadiumcaen.fr\\\/barber-nils-studio\\\/#primaryimage\"},\"thumbnailUrl\":\"https:\\\/\\\/stadiumcaen.fr\\\/wp-content\\\/uploads\\\/2024\\\/04\\\/IMG_5953-1024x1024.jpg\",\"datePublished\":\"2024-04-23T14:31:14+00:00\",\"dateModified\":\"2024-04-23T16:01:00+00:00\",\"description\":\"Barber Nils s'installe au Stadium dans son nouveau studio. D\u00e9couvrez son univers et r\u00e9servez votre coupe en un clic.\",\"breadcrumb\":{\"@id\":\"https:\\\/\\\/stadiumcaen.fr\\\/barber-nils-studio\\\/#breadcrumb\"},\"inLanguage\":\"en-US\",\"potentialAction\":[{\"@type\":\"ReadAction\",\"target\":[\"https:\\\/\\\/stadiumcaen.fr\\\/barber-nils-studio\\\/\"]}]},{\"@type\":\"ImageObject\",\"inLanguage\":\"en-US\",\"@id\":\"https:\\\/\\\/stadiumcaen.fr\\\/barber-nils-studio\\\/#primaryimage\",\"url\":\"https:\\\/\\\/stadiumcaen.fr\\\/wp-content\\\/uploads\\\/2024\\\/04\\\/IMG_5953-1024x1024.jpg\",\"contentUrl\":\"https:\\\/\\\/stadiumcaen.fr\\\/wp-content\\\/uploads\\\/2024\\\/04\\\/IMG_5953-1024x1024.jpg\"},{\"@type\":\"BreadcrumbList\",\"@id\":\"https:\\\/\\\/stadiumcaen.fr\\\/barber-nils-studio\\\/#breadcrumb\",\"itemListElement\":[{\"@type\":\"ListItem\",\"position\":1,\"name\":\"Accueil\",\"item\":\"https:\\\/\\\/stadiumcaen.fr\\\/\"},{\"@type\":\"ListItem\",\"position\":2,\"name\":\"Barber Nils Studio\"}]},{\"@type\":\"WebSite\",\"@id\":\"https:\\\/\\\/stadiumcaen.fr\\\/#website\",\"url\":\"https:\\\/\\\/stadiumcaen.fr\\\/\",\"name\":\"Stadium Caen\",\"description\":\"Le complexe sportif accessible \u00e0 tous\",\"publisher\":{\"@id\":\"https:\\\/\\\/stadiumcaen.fr\\\/#organization\"},\"potentialAction\":[{\"@type\":\"SearchAction\",\"target\":{\"@type\":\"EntryPoint\",\"urlTemplate\":\"https:\\\/\\\/stadiumcaen.fr\\\/?s={search_term_string}\"},\"query-input\":{\"@type\":\"PropertyValueSpecification\",\"valueRequired\":true,\"valueName\":\"search_term_string\"}}],\"inLanguage\":\"en-US\"},{\"@type\":\"Organization\",\"@id\":\"https:\\\/\\\/stadiumcaen.fr\\\/#organization\",\"name\":\"Stadium\",\"url\":\"https:\\\/\\\/stadiumcaen.fr\\\/\",\"logo\":{\"@type\":\"ImageObject\",\"inLanguage\":\"en-US\",\"@id\":\"https:\\\/\\\/stadiumcaen.fr\\\/#\\\/schema\\\/logo\\\/image\\\/\",\"url\":\"http:\\\/\\\/stadiumcaen.fr\\\/wp-content\\\/uploads\\\/2022\\\/04\\\/logo_stadium.png\",\"contentUrl\":\"http:\\\/\\\/stadiumcaen.fr\\\/wp-content\\\/uploads\\\/2022\\\/04\\\/logo_stadium.png\",\"width\":1935,\"height\":1133,\"caption\":\"Stadium\"},\"image\":{\"@id\":\"https:\\\/\\\/stadiumcaen.fr\\\/#\\\/schema\\\/logo\\\/image\\\/\"}}]}<\/script>\n<!-- \/ Yoast SEO plugin. -->","yoast_head_json":{"title":"Barber Nils Studio - Stadium Caen","description":"Barber Nils s'installe au Stadium dans son nouveau studio. D\u00e9couvrez son univers et r\u00e9servez votre coupe en un clic.","robots":{"index":"index","follow":"follow","max-snippet":"max-snippet:-1","max-image-preview":"max-image-preview:large","max-video-preview":"max-video-preview:-1"},"canonical":"https:\/\/stadiumcaen.fr\/en\/barber-nils-studio\/","og_locale":"en_US","og_type":"article","og_title":"Barber Nils Studio - Stadium Caen","og_description":"Barber Nils s'installe au Stadium dans son nouveau studio. D\u00e9couvrez son univers et r\u00e9servez votre coupe en un clic.","og_url":"https:\/\/stadiumcaen.fr\/en\/barber-nils-studio\/","og_site_name":"Stadium Caen","article_modified_time":"2024-04-23T16:01:00+00:00","og_image":[{"url":"https:\/\/stadiumcaen.fr\/wp-content\/uploads\/2024\/04\/IMG_5953-1024x1024.jpg","type":"","width":"","height":""}],"twitter_card":"summary_large_image","twitter_misc":{"Est. reading time":"1 minute"},"schema":{"@context":"https:\/\/schema.org","@graph":[{"@type":"WebPage","@id":"https:\/\/stadiumcaen.fr\/barber-nils-studio\/","url":"https:\/\/stadiumcaen.fr\/barber-nils-studio\/","name":"Barber Nils Studio - Stadium Caen","isPartOf":{"@id":"https:\/\/stadiumcaen.fr\/#website"},"primaryImageOfPage":{"@id":"https:\/\/stadiumcaen.fr\/barber-nils-studio\/#primaryimage"},"image":{"@id":"https:\/\/stadiumcaen.fr\/barber-nils-studio\/#primaryimage"},"thumbnailUrl":"https:\/\/stadiumcaen.fr\/wp-content\/uploads\/2024\/04\/IMG_5953-1024x1024.jpg","datePublished":"2024-04-23T14:31:14+00:00","dateModified":"2024-04-23T16:01:00+00:00","description":"Barber Nils s'installe au Stadium dans son nouveau studio. D\u00e9couvrez son univers et r\u00e9servez votre coupe en un clic.","breadcrumb":{"@id":"https:\/\/stadiumcaen.fr\/barber-nils-studio\/#breadcrumb"},"inLanguage":"en-US","potentialAction":[{"@type":"ReadAction","target":["https:\/\/stadiumcaen.fr\/barber-nils-studio\/"]}]},{"@type":"ImageObject","inLanguage":"en-US","@id":"https:\/\/stadiumcaen.fr\/barber-nils-studio\/#primaryimage","url":"https:\/\/stadiumcaen.fr\/wp-content\/uploads\/2024\/04\/IMG_5953-1024x1024.jpg","contentUrl":"https:\/\/stadiumcaen.fr\/wp-content\/uploads\/2024\/04\/IMG_5953-1024x1024.jpg"},{"@type":"BreadcrumbList","@id":"https:\/\/stadiumcaen.fr\/barber-nils-studio\/#breadcrumb","itemListElement":[{"@type":"ListItem","position":1,"name":"Accueil","item":"https:\/\/stadiumcaen.fr\/"},{"@type":"ListItem","position":2,"name":"Barber Nils Studio"}]},{"@type":"WebSite","@id":"https:\/\/stadiumcaen.fr\/#website","url":"https:\/\/stadiumcaen.fr\/","name":"Caen Stadium","description":"The sports complex accessible to all","publisher":{"@id":"https:\/\/stadiumcaen.fr\/#organization"},"potentialAction":[{"@type":"SearchAction","target":{"@type":"EntryPoint","urlTemplate":"https:\/\/stadiumcaen.fr\/?s={search_term_string}"},"query-input":{"@type":"PropertyValueSpecification","valueRequired":true,"valueName":"search_term_string"}}],"inLanguage":"en-US"},{"@type":"Organization","@id":"https:\/\/stadiumcaen.fr\/#organization","name":"Stadium","url":"https:\/\/stadiumcaen.fr\/","logo":{"@type":"ImageObject","inLanguage":"en-US","@id":"https:\/\/stadiumcaen.fr\/#\/schema\/logo\/image\/","url":"http:\/\/stadiumcaen.fr\/wp-content\/uploads\/2022\/04\/logo_stadium.png","contentUrl":"http:\/\/stadiumcaen.fr\/wp-content\/uploads\/2022\/04\/logo_stadium.png","width":1935,"height":1133,"caption":"Stadium"},"image":{"@id":"https:\/\/stadiumcaen.fr\/#\/schema\/logo\/image\/"}}]}},"_links":{"self":[{"href":"https:\/\/stadiumcaen.fr\/en\/wp-json\/wp\/v2\/pages\/3017","targetHints":{"allow":["GET"]}}],"collection":[{"href":"https:\/\/stadiumcaen.fr\/en\/wp-json\/wp\/v2\/pages"}],"about":[{"href":"https:\/\/stadiumcaen.fr\/en\/wp-json\/wp\/v2\/types\/page"}],"author":[{"embeddable":true,"href":"https:\/\/stadiumcaen.fr\/en\/wp-json\/wp\/v2\/users\/1"}],"replies":[{"embeddable":true,"href":"https:\/\/stadiumcaen.fr\/en\/wp-json\/wp\/v2\/comments?post=3017"}],"version-history":[{"count":0,"href":"https:\/\/stadiumcaen.fr\/en\/wp-json\/wp\/v2\/pages\/3017\/revisions"}],"wp:attachment":[{"href":"https:\/\/stadiumcaen.fr\/en\/wp-json\/wp\/v2\/media?parent=3017"}],"curies":[{"name":"wp","href":"https:\/\/api.w.org\/{rel}","templated":true}]}}