{"id":3082,"date":"2024-06-22T12:29:01","date_gmt":"2024-06-22T10:29:01","guid":{"rendered":"https:\/\/stadiumcaen.fr\/?page_id=3082"},"modified":"2026-03-19T16:35:07","modified_gmt":"2026-03-19T15:35:07","slug":"tournoi-de-padel","status":"publish","type":"page","link":"https:\/\/stadiumcaen.fr\/en\/tournoi-de-padel\/","title":{"rendered":"Our tournaments"},"content":{"rendered":"<div data-elementor-type=\"wp-page\" data-elementor-id=\"3082\" class=\"elementor elementor-3082\">\n\t\t\t\t\t\t\t\t\t<section class=\"elementor-section elementor-top-section elementor-element elementor-element-da409cf elementor-section-boxed elementor-section-height-default elementor-section-height-default\" data-id=\"da409cf\" data-element_type=\"section\">\n\t\t\t\t\t\t<div class=\"elementor-container elementor-column-gap-default\">\n\t\t\t\t\t<div class=\"elementor-column elementor-col-100 elementor-top-column elementor-element elementor-element-1f3d97a\" data-id=\"1f3d97a\" data-element_type=\"column\">\n\t\t\t<div class=\"elementor-widget-wrap elementor-element-populated\">\n\t\t\t\t\t\t\t\t<div class=\"elementor-element elementor-element-065de9c elementor-widget elementor-widget-spacer\" data-id=\"065de9c\" data-element_type=\"widget\" data-widget_type=\"spacer.default\">\n\t\t\t\t<div class=\"elementor-widget-container\">\n\t\t\t<style>\/*! elementor - v3.6.7 - 03-07-2022 *\/\n.e-container.e-container--row .elementor-spacer-inner{width:var(--spacer-size)}.e-container.e-container--column .elementor-spacer-inner,.elementor-column .elementor-spacer-inner{height:var(--spacer-size)}<\/style>\t\t<div class=\"elementor-spacer\">\n\t\t\t<div class=\"elementor-spacer-inner\"><\/div>\n\t\t<\/div>\n\t\t\t\t<\/div>\n\t\t\t\t<\/div>\n\t\t\t\t<div class=\"elementor-element elementor-element-d4eeaf0 elementor-widget elementor-widget-heading\" data-id=\"d4eeaf0\" data-element_type=\"widget\" data-widget_type=\"heading.default\">\n\t\t\t\t<div class=\"elementor-widget-container\">\n\t\t\t<style>\/*! elementor - v3.6.7 - 03-07-2022 *\/\n.elementor-heading-title{padding:0;margin:0;line-height:1}.elementor-widget-heading .elementor-heading-title[class*=elementor-size-]>a{color:inherit;font-size:inherit;line-height:inherit}.elementor-widget-heading .elementor-heading-title.elementor-size-small{font-size:15px}.elementor-widget-heading .elementor-heading-title.elementor-size-medium{font-size:19px}.elementor-widget-heading .elementor-heading-title.elementor-size-large{font-size:29px}.elementor-widget-heading .elementor-heading-title.elementor-size-xl{font-size:39px}.elementor-widget-heading .elementor-heading-title.elementor-size-xxl{font-size:59px}<\/style><h1 class=\"elementor-heading-title elementor-size-default\">Our padel tournaments <\/h1>\t\t<\/div>\n\t\t\t\t<\/div>\n\t\t\t\t<div class=\"elementor-element elementor-element-12bc7d4 elementor-widget elementor-widget-spacer\" data-id=\"12bc7d4\" data-element_type=\"widget\" data-widget_type=\"spacer.default\">\n\t\t\t\t<div class=\"elementor-widget-container\">\n\t\t\t\t\t<div class=\"elementor-spacer\">\n\t\t\t<div class=\"elementor-spacer-inner\"><\/div>\n\t\t<\/div>\n\t\t\t\t<\/div>\n\t\t\t\t<\/div>\n\t\t\t\t\t<\/div>\n\t\t<\/div>\n\t\t\t\t\t\t\t<\/div>\n\t\t<\/section>\n\t\t\t\t<section class=\"elementor-section elementor-top-section elementor-element elementor-element-3919250 elementor-section-boxed elementor-section-height-default elementor-section-height-default\" data-id=\"3919250\" data-element_type=\"section\">\n\t\t\t\t\t\t<div class=\"elementor-container elementor-column-gap-default\">\n\t\t\t\t\t<div class=\"elementor-column elementor-col-100 elementor-top-column elementor-element elementor-element-772e6ca\" data-id=\"772e6ca\" data-element_type=\"column\">\n\t\t\t<div class=\"elementor-widget-wrap elementor-element-populated\">\n\t\t\t\t\t\t\t\t<section class=\"elementor-section elementor-inner-section elementor-element elementor-element-bac341c elementor-section-boxed elementor-section-height-default elementor-section-height-default\" data-id=\"bac341c\" data-element_type=\"section\">\n\t\t\t\t\t\t<div class=\"elementor-container elementor-column-gap-default\">\n\t\t\t\t\t<div class=\"elementor-column elementor-col-50 elementor-inner-column elementor-element elementor-element-6c1f2bb\" data-id=\"6c1f2bb\" data-element_type=\"column\">\n\t\t\t<div class=\"elementor-widget-wrap elementor-element-populated\">\n\t\t\t\t\t\t\t\t<div class=\"elementor-element elementor-element-f1a6404 elementor-arrows-position-inside elementor-pagination-position-outside elementor-widget elementor-widget-image-carousel\" data-id=\"f1a6404\" data-element_type=\"widget\" data-settings=\"{&quot;slides_to_show&quot;:&quot;1&quot;,&quot;navigation&quot;:&quot;both&quot;,&quot;autoplay&quot;:&quot;yes&quot;,&quot;pause_on_hover&quot;:&quot;yes&quot;,&quot;pause_on_interaction&quot;:&quot;yes&quot;,&quot;autoplay_speed&quot;:5000,&quot;infinite&quot;:&quot;yes&quot;,&quot;effect&quot;:&quot;slide&quot;,&quot;speed&quot;:500}\" data-widget_type=\"image-carousel.default\">\n\t\t\t\t<div class=\"elementor-widget-container\">\n\t\t\t<style>\/*! elementor - v3.6.7 - 03-07-2022 *\/\n.elementor-widget-image-carousel .swiper-container{position:static}.elementor-widget-image-carousel .swiper-container .swiper-slide figure{line-height:inherit}.elementor-widget-image-carousel .swiper-slide{text-align:center}.elementor-image-carousel-wrapper:not(.swiper-container-initialized) .swiper-slide{max-width:calc(100% \/ var(--e-image-carousel-slides-to-show, 3))}<\/style>\t\t<div class=\"elementor-image-carousel-wrapper swiper-container\" dir=\"ltr\">\n\t\t\t<div class=\"elementor-image-carousel swiper-wrapper\">\n\t\t\t\t\t\t\t\t<div class=\"swiper-slide\"><figure class=\"swiper-slide-inner\"><img decoding=\"async\" class=\"swiper-slide-image\" src=\"https:\/\/stadiumcaen.fr\/wp-content\/uploads\/2026\/03\/PUBLICATION-INSTAGRAM-4-819x1024.jpg\" alt=\"PUBLICATION INSTAGRAM-4\" \/><\/figure><\/div>\t\t\t<\/div>\n\t\t\t\t\t<\/div>\n\t\t\t\t<\/div>\n\t\t\t\t<\/div>\n\t\t\t\t\t<\/div>\n\t\t<\/div>\n\t\t\t\t<div class=\"elementor-column elementor-col-50 elementor-inner-column elementor-element elementor-element-d6eea2d\" data-id=\"d6eea2d\" data-element_type=\"column\">\n\t\t\t<div class=\"elementor-widget-wrap elementor-element-populated\">\n\t\t\t\t\t\t\t\t<div class=\"elementor-element elementor-element-9eb32f0 elementor-widget elementor-widget-text-editor\" data-id=\"9eb32f0\" data-element_type=\"widget\" data-widget_type=\"text-editor.default\">\n\t\t\t\t<div class=\"elementor-widget-container\">\n\t\t\t<style>\/*! elementor - v3.6.7 - 03-07-2022 *\/\n.elementor-widget-text-editor.elementor-drop-cap-view-stacked .elementor-drop-cap{background-color:#818a91;color:#fff}.elementor-widget-text-editor.elementor-drop-cap-view-framed .elementor-drop-cap{color:#818a91;border:3px solid;background-color:transparent}.elementor-widget-text-editor:not(.elementor-drop-cap-view-default) .elementor-drop-cap{margin-top:8px}.elementor-widget-text-editor:not(.elementor-drop-cap-view-default) .elementor-drop-cap-letter{width:1em;height:1em}.elementor-widget-text-editor .elementor-drop-cap{float:left;text-align:center;line-height:1;font-size:50px}.elementor-widget-text-editor .elementor-drop-cap-letter{display:inline-block}<\/style>\t\t\t\t<p>Discover our Padel tournament calendar for May and June.<\/p><p>To register, send an e-mail to tournois@stadiumcaen.fr with the first and last names and license number of the pair.\u00a0<\/p><p>Price (P25 to P250): \u20ac20 per player<\/p><p>Price (P500 to P1000): \u20ac25 per player\u00a0<\/p><p>Catering available on site\u00a0<\/p>\t\t\t\t\t\t<\/div>\n\t\t\t\t<\/div>\n\t\t\t\t<div class=\"elementor-element elementor-element-624c530 elementor-align-center elementor-widget elementor-widget-button\" data-id=\"624c530\" data-element_type=\"widget\" data-widget_type=\"button.default\">\n\t\t\t\t<div class=\"elementor-widget-container\">\n\t\t\t\t\t<div class=\"elementor-button-wrapper\">\n\t\t\t<a href=\"https:\/\/stadiumcaen.fr\/wp-content\/uploads\/2024\/06\/Black-and-White-Minimalist-Cocktail-Menu-3.pdf\" class=\"elementor-button-link elementor-button elementor-size-sm\" role=\"button\">\n\t\t\t\t\t\t<span class=\"elementor-button-content-wrapper\">\n\t\t\t\t\t\t<span class=\"elementor-button-text\">Our menu<\/span>\n\t\t<\/span>\n\t\t\t\t\t<\/a>\n\t\t<\/div>\n\t\t\t\t<\/div>\n\t\t\t\t<\/div>\n\t\t\t\t<div class=\"elementor-element elementor-element-094e863 elementor-widget elementor-widget-text-editor\" data-id=\"094e863\" data-element_type=\"widget\" data-widget_type=\"text-editor.default\">\n\t\t\t\t<div class=\"elementor-widget-container\">\n\t\t\t\t\t\t\t\t\t\t\t\t\t<\/div>\n\t\t\t\t<\/div>\n\t\t\t\t\t<\/div>\n\t\t<\/div>\n\t\t\t\t\t\t\t<\/div>\n\t\t<\/section>\n\t\t\t\t\t<\/div>\n\t\t<\/div>\n\t\t\t\t\t\t\t<\/div>\n\t\t<\/section>\n\t\t\t\t\t\t\t<\/div>","protected":false},"excerpt":{"rendered":"<p>Nos tournois de padel D\u00e9couvrez notre calendrier de tournois de Padel du mois de mai et juin. Pour vous inscrire envoyez un mail a l&rsquo;adresse tournois@stadiumcaen.fr avec les noms pr\u00e9noms et n\u00b0 de licence de la paire.\u00a0 Tarif (P25 au P250) : 20\u20ac par joueur Tarif (P500 au P1000) : 25\u20ac par joueur\u00a0 Restauration disponible &hellip;<\/p>\n<p class=\"read-more\"> <a class=\"\" href=\"https:\/\/stadiumcaen.fr\/en\/tournoi-de-padel\/\"> <span class=\"screen-reader-text\">Our tournaments<\/span> Read More \"<\/a><\/p>","protected":false},"author":1,"featured_media":0,"parent":0,"menu_order":0,"comment_status":"closed","ping_status":"closed","template":"","meta":{"site-sidebar-layout":"no-sidebar","site-content-layout":"page-builder","ast-global-header-display":"","ast-main-header-display":"","ast-hfb-above-header-display":"","ast-hfb-below-header-display":"","ast-hfb-mobile-header-display":"","site-post-title":"disabled","ast-breadcrumbs-content":"","ast-featured-img":"disabled","footer-sml-layout":"","theme-transparent-header-meta":"","adv-header-id-meta":"","stick-header-meta":"","header-above-stick-meta":"","header-main-stick-meta":"","header-below-stick-meta":"","footnotes":""},"class_list":["post-3082","page","type-page","status-publish","hentry"],"yoast_head":"<!-- This site is optimized with the Yoast SEO plugin v27.4 - https:\/\/yoast.com\/product\/yoast-seo-wordpress\/ -->\n<title>Nos tournois - Stadium Caen<\/title>\n<meta name=\"description\" content=\"D\u00e9couvrez les dates des tournois de padel au Stadium \u00e0 Caen, du P25 au P1500. Trouvez la formule qui vous convient et obtenez tous les renseignements n\u00e9cessaires pour participer.\" \/>\n<meta name=\"robots\" content=\"index, follow, max-snippet:-1, max-image-preview:large, max-video-preview:-1\" \/>\n<link rel=\"canonical\" href=\"https:\/\/stadiumcaen.fr\/en\/tournoi-de-padel\/\" \/>\n<meta property=\"og:locale\" content=\"en_US\" \/>\n<meta property=\"og:type\" content=\"article\" \/>\n<meta property=\"og:title\" content=\"Nos tournois - Stadium Caen\" \/>\n<meta property=\"og:description\" content=\"D\u00e9couvrez les dates des tournois de padel au Stadium \u00e0 Caen, du P25 au P1500. Trouvez la formule qui vous convient et obtenez tous les renseignements n\u00e9cessaires pour participer.\" \/>\n<meta property=\"og:url\" content=\"https:\/\/stadiumcaen.fr\/en\/tournoi-de-padel\/\" \/>\n<meta property=\"og:site_name\" content=\"Stadium Caen\" \/>\n<meta property=\"article:modified_time\" content=\"2026-03-19T15:35:07+00:00\" \/>\n<meta property=\"og:image\" content=\"https:\/\/stadiumcaen.fr\/wp-content\/uploads\/2026\/03\/PUBLICATION-INSTAGRAM-4-819x1024.jpg\" \/>\n<meta name=\"twitter:card\" content=\"summary_large_image\" \/>\n<meta name=\"twitter:label1\" content=\"Est. reading time\" \/>\n\t<meta name=\"twitter:data1\" content=\"1 minute\" \/>\n<script type=\"application\/ld+json\" class=\"yoast-schema-graph\">{\"@context\":\"https:\\\/\\\/schema.org\",\"@graph\":[{\"@type\":\"WebPage\",\"@id\":\"https:\\\/\\\/stadiumcaen.fr\\\/tournoi-de-padel\\\/\",\"url\":\"https:\\\/\\\/stadiumcaen.fr\\\/tournoi-de-padel\\\/\",\"name\":\"Nos tournois - Stadium Caen\",\"isPartOf\":{\"@id\":\"https:\\\/\\\/stadiumcaen.fr\\\/#website\"},\"primaryImageOfPage\":{\"@id\":\"https:\\\/\\\/stadiumcaen.fr\\\/tournoi-de-padel\\\/#primaryimage\"},\"image\":{\"@id\":\"https:\\\/\\\/stadiumcaen.fr\\\/tournoi-de-padel\\\/#primaryimage\"},\"thumbnailUrl\":\"https:\\\/\\\/stadiumcaen.fr\\\/wp-content\\\/uploads\\\/2026\\\/03\\\/PUBLICATION-INSTAGRAM-4-819x1024.jpg\",\"datePublished\":\"2024-06-22T10:29:01+00:00\",\"dateModified\":\"2026-03-19T15:35:07+00:00\",\"description\":\"D\u00e9couvrez les dates des tournois de padel au Stadium \u00e0 Caen, du P25 au P1500. Trouvez la formule qui vous convient et obtenez tous les renseignements n\u00e9cessaires pour participer.\",\"breadcrumb\":{\"@id\":\"https:\\\/\\\/stadiumcaen.fr\\\/tournoi-de-padel\\\/#breadcrumb\"},\"inLanguage\":\"en-US\",\"potentialAction\":[{\"@type\":\"ReadAction\",\"target\":[\"https:\\\/\\\/stadiumcaen.fr\\\/tournoi-de-padel\\\/\"]}]},{\"@type\":\"ImageObject\",\"inLanguage\":\"en-US\",\"@id\":\"https:\\\/\\\/stadiumcaen.fr\\\/tournoi-de-padel\\\/#primaryimage\",\"url\":\"https:\\\/\\\/stadiumcaen.fr\\\/wp-content\\\/uploads\\\/2026\\\/03\\\/PUBLICATION-INSTAGRAM-4-819x1024.jpg\",\"contentUrl\":\"https:\\\/\\\/stadiumcaen.fr\\\/wp-content\\\/uploads\\\/2026\\\/03\\\/PUBLICATION-INSTAGRAM-4-819x1024.jpg\"},{\"@type\":\"BreadcrumbList\",\"@id\":\"https:\\\/\\\/stadiumcaen.fr\\\/tournoi-de-padel\\\/#breadcrumb\",\"itemListElement\":[{\"@type\":\"ListItem\",\"position\":1,\"name\":\"Accueil\",\"item\":\"https:\\\/\\\/stadiumcaen.fr\\\/\"},{\"@type\":\"ListItem\",\"position\":2,\"name\":\"Nos tournois\"}]},{\"@type\":\"WebSite\",\"@id\":\"https:\\\/\\\/stadiumcaen.fr\\\/#website\",\"url\":\"https:\\\/\\\/stadiumcaen.fr\\\/\",\"name\":\"Stadium Caen\",\"description\":\"Le complexe sportif accessible \u00e0 tous\",\"publisher\":{\"@id\":\"https:\\\/\\\/stadiumcaen.fr\\\/#organization\"},\"potentialAction\":[{\"@type\":\"SearchAction\",\"target\":{\"@type\":\"EntryPoint\",\"urlTemplate\":\"https:\\\/\\\/stadiumcaen.fr\\\/?s={search_term_string}\"},\"query-input\":{\"@type\":\"PropertyValueSpecification\",\"valueRequired\":true,\"valueName\":\"search_term_string\"}}],\"inLanguage\":\"en-US\"},{\"@type\":\"Organization\",\"@id\":\"https:\\\/\\\/stadiumcaen.fr\\\/#organization\",\"name\":\"Stadium\",\"url\":\"https:\\\/\\\/stadiumcaen.fr\\\/\",\"logo\":{\"@type\":\"ImageObject\",\"inLanguage\":\"en-US\",\"@id\":\"https:\\\/\\\/stadiumcaen.fr\\\/#\\\/schema\\\/logo\\\/image\\\/\",\"url\":\"http:\\\/\\\/stadiumcaen.fr\\\/wp-content\\\/uploads\\\/2022\\\/04\\\/logo_stadium.png\",\"contentUrl\":\"http:\\\/\\\/stadiumcaen.fr\\\/wp-content\\\/uploads\\\/2022\\\/04\\\/logo_stadium.png\",\"width\":1935,\"height\":1133,\"caption\":\"Stadium\"},\"image\":{\"@id\":\"https:\\\/\\\/stadiumcaen.fr\\\/#\\\/schema\\\/logo\\\/image\\\/\"}}]}<\/script>\n<!-- \/ Yoast SEO plugin. -->","yoast_head_json":{"title":"Nos tournois - Stadium Caen","description":"D\u00e9couvrez les dates des tournois de padel au Stadium \u00e0 Caen, du P25 au P1500. Trouvez la formule qui vous convient et obtenez tous les renseignements n\u00e9cessaires pour participer.","robots":{"index":"index","follow":"follow","max-snippet":"max-snippet:-1","max-image-preview":"max-image-preview:large","max-video-preview":"max-video-preview:-1"},"canonical":"https:\/\/stadiumcaen.fr\/en\/tournoi-de-padel\/","og_locale":"en_US","og_type":"article","og_title":"Nos tournois - Stadium Caen","og_description":"D\u00e9couvrez les dates des tournois de padel au Stadium \u00e0 Caen, du P25 au P1500. Trouvez la formule qui vous convient et obtenez tous les renseignements n\u00e9cessaires pour participer.","og_url":"https:\/\/stadiumcaen.fr\/en\/tournoi-de-padel\/","og_site_name":"Stadium Caen","article_modified_time":"2026-03-19T15:35:07+00:00","og_image":[{"url":"https:\/\/stadiumcaen.fr\/wp-content\/uploads\/2026\/03\/PUBLICATION-INSTAGRAM-4-819x1024.jpg","type":"","width":"","height":""}],"twitter_card":"summary_large_image","twitter_misc":{"Est. reading time":"1 minute"},"schema":{"@context":"https:\/\/schema.org","@graph":[{"@type":"WebPage","@id":"https:\/\/stadiumcaen.fr\/tournoi-de-padel\/","url":"https:\/\/stadiumcaen.fr\/tournoi-de-padel\/","name":"Nos tournois - Stadium Caen","isPartOf":{"@id":"https:\/\/stadiumcaen.fr\/#website"},"primaryImageOfPage":{"@id":"https:\/\/stadiumcaen.fr\/tournoi-de-padel\/#primaryimage"},"image":{"@id":"https:\/\/stadiumcaen.fr\/tournoi-de-padel\/#primaryimage"},"thumbnailUrl":"https:\/\/stadiumcaen.fr\/wp-content\/uploads\/2026\/03\/PUBLICATION-INSTAGRAM-4-819x1024.jpg","datePublished":"2024-06-22T10:29:01+00:00","dateModified":"2026-03-19T15:35:07+00:00","description":"D\u00e9couvrez les dates des tournois de padel au Stadium \u00e0 Caen, du P25 au P1500. Trouvez la formule qui vous convient et obtenez tous les renseignements n\u00e9cessaires pour participer.","breadcrumb":{"@id":"https:\/\/stadiumcaen.fr\/tournoi-de-padel\/#breadcrumb"},"inLanguage":"en-US","potentialAction":[{"@type":"ReadAction","target":["https:\/\/stadiumcaen.fr\/tournoi-de-padel\/"]}]},{"@type":"ImageObject","inLanguage":"en-US","@id":"https:\/\/stadiumcaen.fr\/tournoi-de-padel\/#primaryimage","url":"https:\/\/stadiumcaen.fr\/wp-content\/uploads\/2026\/03\/PUBLICATION-INSTAGRAM-4-819x1024.jpg","contentUrl":"https:\/\/stadiumcaen.fr\/wp-content\/uploads\/2026\/03\/PUBLICATION-INSTAGRAM-4-819x1024.jpg"},{"@type":"BreadcrumbList","@id":"https:\/\/stadiumcaen.fr\/tournoi-de-padel\/#breadcrumb","itemListElement":[{"@type":"ListItem","position":1,"name":"Accueil","item":"https:\/\/stadiumcaen.fr\/"},{"@type":"ListItem","position":2,"name":"Nos tournois"}]},{"@type":"WebSite","@id":"https:\/\/stadiumcaen.fr\/#website","url":"https:\/\/stadiumcaen.fr\/","name":"Caen Stadium","description":"The sports complex accessible to all","publisher":{"@id":"https:\/\/stadiumcaen.fr\/#organization"},"potentialAction":[{"@type":"SearchAction","target":{"@type":"EntryPoint","urlTemplate":"https:\/\/stadiumcaen.fr\/?s={search_term_string}"},"query-input":{"@type":"PropertyValueSpecification","valueRequired":true,"valueName":"search_term_string"}}],"inLanguage":"en-US"},{"@type":"Organization","@id":"https:\/\/stadiumcaen.fr\/#organization","name":"Stadium","url":"https:\/\/stadiumcaen.fr\/","logo":{"@type":"ImageObject","inLanguage":"en-US","@id":"https:\/\/stadiumcaen.fr\/#\/schema\/logo\/image\/","url":"http:\/\/stadiumcaen.fr\/wp-content\/uploads\/2022\/04\/logo_stadium.png","contentUrl":"http:\/\/stadiumcaen.fr\/wp-content\/uploads\/2022\/04\/logo_stadium.png","width":1935,"height":1133,"caption":"Stadium"},"image":{"@id":"https:\/\/stadiumcaen.fr\/#\/schema\/logo\/image\/"}}]}},"_links":{"self":[{"href":"https:\/\/stadiumcaen.fr\/en\/wp-json\/wp\/v2\/pages\/3082","targetHints":{"allow":["GET"]}}],"collection":[{"href":"https:\/\/stadiumcaen.fr\/en\/wp-json\/wp\/v2\/pages"}],"about":[{"href":"https:\/\/stadiumcaen.fr\/en\/wp-json\/wp\/v2\/types\/page"}],"author":[{"embeddable":true,"href":"https:\/\/stadiumcaen.fr\/en\/wp-json\/wp\/v2\/users\/1"}],"replies":[{"embeddable":true,"href":"https:\/\/stadiumcaen.fr\/en\/wp-json\/wp\/v2\/comments?post=3082"}],"version-history":[{"count":0,"href":"https:\/\/stadiumcaen.fr\/en\/wp-json\/wp\/v2\/pages\/3082\/revisions"}],"wp:attachment":[{"href":"https:\/\/stadiumcaen.fr\/en\/wp-json\/wp\/v2\/media?parent=3082"}],"curies":[{"name":"wp","href":"https:\/\/api.w.org\/{rel}","templated":true}]}}